{"id":40448,"date":"2022-08-15T09:06:58","date_gmt":"2022-08-15T13:06:58","guid":{"rendered":"https:\/\/leadfaktory.com\/termini-e-condizioni\/"},"modified":"2025-02-04T04:59:55","modified_gmt":"2025-02-04T08:59:55","slug":"termini-e-condizioni","status":"publish","type":"page","link":"https:\/\/leadfaktory.com\/it\/termini-e-condizioni\/","title":{"rendered":"Termini e condizioni"},"content":{"rendered":"\n<p>Ultimo aggiornamento:  Febbraio 4, 2025<\/p>\n\n<p>Si prega di leggere attentamente le presenti Condizioni d&#8217;uso (&#8220;Condizioni&#8221;, &#8220;Condizioni d&#8217;uso&#8221;) prima di utilizzare il sito web https:\/\/leadfaktory.com (il &#8220;Servizio&#8221;) gestito da leadfaktory (&#8220;noi&#8221;, &#8220;ci&#8221; o &#8220;nostro&#8221;).<\/p>\n\n<p>L&#8217;accesso e l&#8217;utilizzo del Servizio da parte dell&#8217;utente sono subordinati all&#8217;accettazione e al rispetto dei presenti Termini. I presenti Termini si applicano a tutti i visitatori, utenti e altri soggetti che accedono o utilizzano il Servizio. <\/p>\n\n<p>Accedendo o utilizzando il Servizio accetti di essere vincolato dai presenti Termini. Se non sei d&#8217;accordo con qualsiasi parte dei termini, non puoi accedere al Servizio. <\/p>\n\n<h2 class=\"wp-block-heading\">Conti<\/h2>\n\n<p>Quando crei un account con noi, devi fornirci informazioni accurate, complete e sempre aggiornate. La mancata osservanza di tale obbligo costituisce una violazione dei Termini, che pu\u00f2 comportare l&#8217;immediata cessazione dell&#8217;account dell&#8217;utente sul nostro Servizio. <\/p>\n\n<p>L&#8217;utente \u00e8 responsabile della salvaguardia della password che utilizza per accedere al Servizio e di qualsiasi attivit\u00e0 o azione effettuata con la sua password, sia che si tratti del nostro Servizio che di un servizio di terzi.<\/p>\n\n<p>L&#8217;utente accetta di non divulgare la propria password a terzi. L&#8217;utente \u00e8 tenuto a comunicarci immediatamente qualsiasi violazione della sicurezza o uso non autorizzato del proprio account. <\/p>\n\n<h2 class=\"wp-block-heading\">Link ad altri siti web<\/h2>\n\n<p>Il nostro Servizio pu\u00f2 contenere link a siti web o servizi di terzi che non sono posseduti o controllati da leadfaktory.<\/p>\n\n<p>leadfaktory  non ha alcun controllo e non si assume alcuna responsabilit\u00e0 per i contenuti, le politiche sulla privacy o le pratiche di qualsiasi sito web o servizio di terze parti. L&#8217;utente riconosce e accetta inoltre che leadfaktory non sar\u00e0 responsabile, direttamente o indirettamente, per qualsiasi danno o perdita causata o che si presume possa essere causata da o in connessione con l&#8217;uso o l&#8217;affidamento su tali contenuti, beni o servizi disponibili su o attraverso tali siti web o servizi. <\/p>\n\n<p>Ti consigliamo vivamente di leggere i termini e le condizioni e le politiche sulla privacy di qualsiasi sito web o servizio di terzi che visiti.<\/p>\n\n<h2 class=\"wp-block-heading\">Terminazione<\/h2>\n\n<p>Possiamo chiudere o sospendere l&#8217;account dell&#8217;utente immediatamente, senza preavviso o responsabilit\u00e0, per qualsiasi motivo, incluso, a titolo esemplificativo, se l&#8217;utente viola i Termini.<\/p>\n\n<p>In caso di risoluzione, il tuo diritto di utilizzare il Servizio cesser\u00e0 immediatamente. Se l&#8217;utente desidera terminare il proprio account, pu\u00f2 semplicemente interrompere l&#8217;utilizzo del Servizio. <\/p>\n\n<p>Tutte le disposizioni dei Termini che per loro natura dovrebbero sopravvivere alla risoluzione sopravvivranno alla risoluzione, incluse, a titolo esemplificativo, le disposizioni sulla propriet\u00e0, le esclusioni di garanzia, le indennit\u00e0 e le limitazioni di responsabilit\u00e0.<\/p>\n\n<h2 class=\"wp-block-heading\">Legge applicabile<\/h2>\n\n<p>I presenti Termini saranno disciplinati e interpretati in conformit\u00e0 alle leggi del Canada, senza tener conto delle disposizioni in materia di conflitto di leggi.<\/p>\n\n<p>La mancata applicazione da parte nostra di qualsiasi diritto o disposizione dei presenti Termini non sar\u00e0 considerata una rinuncia a tali diritti. Qualora una disposizione dei presenti Termini sia ritenuta non valida o non applicabile da un tribunale, le restanti disposizioni dei Termini rimarranno in vigore. I presenti Termini costituiscono l&#8217;intero accordo tra noi in merito al nostro Servizio e sostituiscono qualsiasi accordo precedente tra noi in merito al Servizio.  <\/p>\n\n<h2 class=\"wp-block-heading\">Cambiamenti<\/h2>\n\n<p>Ci riserviamo il diritto, a nostra esclusiva discrezione, di modificare o sostituire i presenti Termini in qualsiasi momento. In caso di modifiche sostanziali, cercheremo di fornire un preavviso di almeno 30 giorni prima dell&#8217;entrata in vigore dei nuovi termini. Ci\u00f2 che costituisce una modifica sostanziale sar\u00e0 determinato a nostra esclusiva discrezione.  <\/p>\n\n<p>Continuando ad accedere o a utilizzare il nostro Servizio dopo l&#8217;entrata in vigore di tali revisioni, accetti di essere vincolato ai termini rivisti. Se non accetti i nuovi termini, smetti di utilizzare il Servizio. <\/p>\n\n<h2 class=\"wp-block-heading\">Contattaci<\/h2>\n\n<p>In caso di domande sui presenti Termini, contattaci.<\/p>\n","protected":false},"excerpt":{"rendered":"<p>Ultimo aggiornamento: Si prega di leggere attentamente le presenti Condizioni d&#8217;uso (&#8220;Condizioni&#8221;, &#8220;Condizioni d&#8217;uso&#8221;) prima di utilizzare il sito web (il &#8220;Servizio&#8221;) gestito da (&#8220;noi&#8221;, &#8220;ci&#8221; o &#8220;nostro&#8221;). L&#8217;accesso e l&#8217;utilizzo del Servizio da parte dell&#8217;utente sono subordinati all&#8217;accettazione e al rispetto dei presenti Termini. I presenti Termini si applicano a tutti i visitatori, utenti [&hellip;]<\/p>\n","protected":false},"author":1,"featured_media":0,"parent":0,"menu_order":0,"comment_status":"closed","ping_status":"closed","template":"","meta":{"om_disable_all_campaigns":false,"_themeisle_gutenberg_block_has_review":false,"footnotes":""},"class_list":["post-40448","page","type-page","status-publish","hentry"],"_links":{"self":[{"href":"https:\/\/leadfaktory.com\/it\/wp-json\/wp\/v2\/pages\/40448","targetHints":{"allow":["GET"]}}],"collection":[{"href":"https:\/\/leadfaktory.com\/it\/wp-json\/wp\/v2\/pages"}],"about":[{"href":"https:\/\/leadfaktory.com\/it\/wp-json\/wp\/v2\/types\/page"}],"author":[{"embeddable":true,"href":"https:\/\/leadfaktory.com\/it\/wp-json\/wp\/v2\/users\/1"}],"replies":[{"embeddable":true,"href":"https:\/\/leadfaktory.com\/it\/wp-json\/wp\/v2\/comments?post=40448"}],"version-history":[{"count":1,"href":"https:\/\/leadfaktory.com\/it\/wp-json\/wp\/v2\/pages\/40448\/revisions"}],"predecessor-version":[{"id":40449,"href":"https:\/\/leadfaktory.com\/it\/wp-json\/wp\/v2\/pages\/40448\/revisions\/40449"}],"wp:attachment":[{"href":"https:\/\/leadfaktory.com\/it\/wp-json\/wp\/v2\/media?parent=40448"}],"curies":[{"name":"wp","href":"https:\/\/api.w.org\/{rel}","templated":true}]}}