{"id":40798,"date":"2025-07-23T05:09:34","date_gmt":"2025-07-23T09:09:34","guid":{"rendered":"https:\/\/leadfaktory.com\/page-daccueil-2\/"},"modified":"2025-07-25T05:17:29","modified_gmt":"2025-07-25T09:17:29","slug":"page-daccueil-2","status":"publish","type":"page","link":"https:\/\/leadfaktory.com\/fr\/","title":{"rendered":"Page d&#8217;accueil"},"content":{"rendered":"<section class=\"wpb-content-wrapper\"><p>[vc_row full_width=&#8221;stretch_row&#8221; full_height=&#8221;yes&#8221; columns_placement=&#8221;stretch&#8221; content_placement=&#8221;middle&#8221; parallax=&#8221;content-moving&#8221; parallax_image=&#8221;40660&#8243; lvca_dark_bg=&#8221;true&#8221; css=&#8221;.vc_custom_1753277406617{background-image: url(https:\/\/leadfaktory.com\/wp-content\/uploads\/2025\/07\/slider-bg.jpg?id=40660) !important;background-position: center;background-repeat: no-repeat !important;background-size: cover !important;}&#8221;][vc_column width=&#8221;1\/2&#8243;][vc_empty_space height=&#8221;90px&#8221;][vc_custom_heading text=&#8221;Bienvenue \u00e0 LeadFaktory!&#8221; font_container=&#8221;tag:h1|font_size:5rem|text_align:left|color:%23ffffff|line_height:6rem&#8221; use_theme_fonts=&#8221;yes&#8221;][vc_empty_space height=&#8221;10px&#8221;][vc_column_text]<\/p>\n<p style=\"color: #fff; font-size: 1.8rem;\">LeadFaktory est une plateforme d&#8217;ench\u00e8res dynamique qui met en relation des vendeurs et des acheteurs enthousiastes par le biais d&#8217;ench\u00e8res en temps r\u00e9el. Que vous proposiez des prospects de grande valeur ou que vous cherchiez \u00e0 gagner de nouvelles opportunit\u00e9s commerciales, notre plateforme vous donne le contr\u00f4le.<\/p>\n<p>[\/vc_column_text][vc_empty_space height=&#8221;30px&#8221;][vc_row_inner][vc_column_inner width=&#8221;1\/2&#8243;][vc_btn title=&#8221;Placez une offre&#8221; style=&#8221;custom&#8221; custom_background=&#8221;#62c03e&#8221; custom_text=&#8221;#ffffff&#8221; shape=&#8221;round&#8221; size=&#8221;lg&#8221; align=&#8221;center&#8221; button_block=&#8221;true&#8221; link=&#8221;url:https%3A%2F%2Fleadfaktory.com%2Fleads%2F|title:Placez%20une%20offre|&#8221;][\/vc_column_inner][\/vc_row_inner][vc_empty_space height=&#8221;130px&#8221;][\/vc_column][vc_column width=&#8221;1\/2&#8243;][\/vc_column][\/vc_row][vc_row full_width=&#8221;stretch_row&#8221; css=&#8221;.vc_custom_1657134214654{margin-bottom: 0px !important;padding-top: 38px !important;padding-bottom: 40px !important;}&#8221;][vc_column]<div class=\"title-subtile-holder\"><h2 class=\"section-title  \">Explore Popular Categories<\/h2><div class=\"svg-border \"><svg width=\"515\" height=\"25\" viewBox=\"0 0 275 15\" fill=\"none\" xmlns=\"http:\/\/www.w3.org\/2000\/svg\">\n        <rect y=\"7\" width=\"120\" height=\"1\" fill=\"#CCCCCC\"\/>\n        <rect x=\"155\" y=\"7\" width=\"120\" height=\"1\" fill=\"#CCCCCC\"\/>\n        <path d=\"M144.443 14.6458C144.207 14.8818 143.897 15 143.588 15C143.278 15 142.968 14.8818 142.732 14.6454L137.874 9.78689C137.517 9.43023 137.43 8.90654 137.612 8.46798L136.617 7.47264L135.242 8.84723C135.517 9.2862 135.458 9.8809 135.066 10.2714C134.614 10.7245 133.888 10.7342 133.448 10.2936L130.324 7.17126C129.883 6.73028 129.893 6.00566 130.347 5.55298C130.738 5.16122 131.332 5.10231 131.771 5.37788L135.378 1.77014C135.102 1.33158 135.161 0.737682 135.553 0.346326C136.006 -0.10676 136.73 -0.116443 137.171 0.324136L140.295 3.44732C140.736 3.8879 140.726 4.61251 140.272 5.0656C139.88 5.45736 139.287 5.51586 138.849 5.2407L137.472 6.6169L138.59 7.73449C138.945 7.69334 139.314 7.80348 139.586 8.07622L144.444 12.9347C144.916 13.4071 144.916 14.1729 144.443 14.6458Z\" fill=\"#2695FF\"\/>\n        <\/svg><\/div><div class=\"section-subtitle \"><\/div><\/div>[vc_empty_space][vc_row_inner][vc_column_inner width=&#8221;1\/5&#8243;][vc_icon icon_fontawesome=&#8221;fas fa-file-invoice-dollar&#8221; color=&#8221;custom&#8221; background_style=&#8221;rounded-less&#8221; background_color=&#8221;custom&#8221; size=&#8221;xl&#8221; align=&#8221;center&#8221; custom_background_color=&#8221;#f9be00&#8243; custom_color=&#8221;#ffffff&#8221;][vc_custom_heading text=&#8221;Comptabilit\u00e9&#8221; font_container=&#8221;tag:h3|text_align:center|color:%23000000&#8243; use_theme_fonts=&#8221;yes&#8221;][vc_btn title=&#8221;VIEW LEADS&#8221; style=&#8221;outline-custom&#8221; outline_custom_color=&#8221;#62c03e&#8221; outline_custom_hover_background=&#8221;#62c03e&#8221; outline_custom_hover_text=&#8221;#ffffff&#8221; shape=&#8221;round&#8221; size=&#8221;sm&#8221; align=&#8221;center&#8221; css=&#8221;.vc_custom_1753381292159{margin-top: 30px !important;}&#8221; link=&#8221;url:https%3A%2F%2Fleadfaktory.com%2Ffr%2Fcategorie-produit%2Faccounting-fr%2F|&#8221;][\/vc_column_inner][vc_column_inner el_class=&#8221;woocommerce_categories2 category-wrapper&#8221; width=&#8221;1\/5&#8243;][vc_icon icon_fontawesome=&#8221;fas fa-broadcast-tower&#8221; color=&#8221;custom&#8221; background_style=&#8221;rounded-less&#8221; background_color=&#8221;custom&#8221; size=&#8221;xl&#8221; align=&#8221;center&#8221; custom_background_color=&#8221;#3b54d5&#8243; custom_color=&#8221;#ffffff&#8221;][vc_custom_heading text=&#8221;T\u00e9l\u00e9communications&#8221; font_container=&#8221;tag:h3|text_align:center|color:%23000000&#8243; use_theme_fonts=&#8221;yes&#8221;][vc_btn title=&#8221;VIEW LEADS&#8221; style=&#8221;outline-custom&#8221; outline_custom_color=&#8221;#62c03e&#8221; outline_custom_hover_background=&#8221;#62c03e&#8221; outline_custom_hover_text=&#8221;#ffffff&#8221; shape=&#8221;round&#8221; size=&#8221;sm&#8221; align=&#8221;center&#8221; css=&#8221;.vc_custom_1753381325020{margin-top: 30px !important;}&#8221; link=&#8221;url:https%3A%2F%2Fleadfaktory.com%2Ffr%2Fcategorie-produit%2Fassurance%2F|&#8221;][\/vc_column_inner][vc_column_inner el_class=&#8221;woocommerce_categories2 category-wrapper&#8221; width=&#8221;1\/5&#8243;][vc_icon icon_fontawesome=&#8221;fas fa-house-damage&#8221; color=&#8221;custom&#8221; background_style=&#8221;rounded-less&#8221; background_color=&#8221;custom&#8221; size=&#8221;xl&#8221; align=&#8221;center&#8221; custom_background_color=&#8221;#dd3e29&#8243; custom_color=&#8221;#ffffff&#8221;][vc_custom_heading text=&#8221;Assurance&#8221; font_container=&#8221;tag:h3|text_align:center|color:%23000000&#8243; use_theme_fonts=&#8221;yes&#8221;][vc_btn title=&#8221;VIEW LEADS&#8221; style=&#8221;outline-custom&#8221; outline_custom_color=&#8221;#62c03e&#8221; outline_custom_hover_background=&#8221;#62c03e&#8221; outline_custom_hover_text=&#8221;#ffffff&#8221; shape=&#8221;round&#8221; size=&#8221;sm&#8221; align=&#8221;center&#8221; css=&#8221;.vc_custom_1753381342705{margin-top: 30px !important;}&#8221; link=&#8221;url:https%3A%2F%2Fleadfaktory.com%2Ffr%2Fcategorie-produit%2Ftelecom-fr%2F|&#8221;][\/vc_column_inner][vc_column_inner el_class=&#8221;woocommerce_categories2 category-wrapper&#8221; width=&#8221;1\/5&#8243;][vc_icon icon_fontawesome=&#8221;fas fa-hand-holding-usd&#8221; color=&#8221;custom&#8221; background_style=&#8221;rounded-less&#8221; background_color=&#8221;custom&#8221; size=&#8221;xl&#8221; align=&#8221;center&#8221; custom_background_color=&#8221;#62c03e&#8221; custom_color=&#8221;#ffffff&#8221;][vc_custom_heading text=&#8221;Hypoth\u00e8ques&#8221; font_container=&#8221;tag:h3|text_align:center|color:%23000000&#8243; use_theme_fonts=&#8221;yes&#8221;][vc_btn title=&#8221;VIEW LEADS&#8221; style=&#8221;outline-custom&#8221; outline_custom_color=&#8221;#62c03e&#8221; outline_custom_hover_background=&#8221;#62c03e&#8221; outline_custom_hover_text=&#8221;#ffffff&#8221; shape=&#8221;round&#8221; size=&#8221;sm&#8221; align=&#8221;center&#8221; css=&#8221;.vc_custom_1753381355838{margin-top: 30px !important;}&#8221; link=&#8221;url:https%3A%2F%2Fleadfaktory.com%2Ffr%2Fcategorie-produit%2Fhypotheques%2F|&#8221;][\/vc_column_inner][vc_column_inner el_class=&#8221;woocommerce_categories2 category-wrapper&#8221; width=&#8221;1\/5&#8243;][vc_icon icon_fontawesome=&#8221;fas fa-home&#8221; color=&#8221;custom&#8221; background_style=&#8221;rounded-less&#8221; background_color=&#8221;custom&#8221; size=&#8221;xl&#8221; align=&#8221;center&#8221; custom_background_color=&#8221;#50bfbf&#8221; custom_color=&#8221;#ffffff&#8221;][vc_custom_heading text=&#8221;Soins \u00e0 domicile&#8221; font_container=&#8221;tag:h3|text_align:center|color:%23000000&#8243; use_theme_fonts=&#8221;yes&#8221;][vc_btn title=&#8221;VIEW LEADS&#8221; style=&#8221;outline-custom&#8221; outline_custom_color=&#8221;#62c03e&#8221; outline_custom_hover_background=&#8221;#62c03e&#8221; outline_custom_hover_text=&#8221;#ffffff&#8221; shape=&#8221;round&#8221; size=&#8221;sm&#8221; align=&#8221;center&#8221; css=&#8221;.vc_custom_1753381370057{margin-top: 30px !important;}&#8221; link=&#8221;url:https%3A%2F%2Fleadfaktory.com%2Ffr%2Fcategorie-produit%2Fsoins-a-domicile%2F|&#8221;][\/vc_column_inner][\/vc_row_inner][vc_row_inner][vc_column_inner width=&#8221;1\/5&#8243;][vc_icon icon_fontawesome=&#8221;fas fa-users&#8221; color=&#8221;custom&#8221; background_style=&#8221;rounded-less&#8221; background_color=&#8221;custom&#8221; size=&#8221;xl&#8221; align=&#8221;center&#8221; custom_background_color=&#8221;#dd3e29&#8243; custom_color=&#8221;#ffffff&#8221;][vc_custom_heading text=&#8221;RH&#8221; font_container=&#8221;tag:h3|text_align:center|color:%23000000&#8243; use_theme_fonts=&#8221;yes&#8221;][vc_btn title=&#8221;VIEW LEADS&#8221; style=&#8221;outline-custom&#8221; outline_custom_color=&#8221;#62c03e&#8221; outline_custom_hover_background=&#8221;#62c03e&#8221; outline_custom_hover_text=&#8221;#ffffff&#8221; shape=&#8221;round&#8221; size=&#8221;sm&#8221; align=&#8221;center&#8221; css=&#8221;.vc_custom_1753381387393{margin-top: 30px !important;}&#8221; link=&#8221;url:https%3A%2F%2Fleadfaktory.com%2Ffr%2Fcategorie-produit%2Frh%2F|&#8221;][\/vc_column_inner][vc_column_inner el_class=&#8221;woocommerce_categories2 category-wrapper&#8221; width=&#8221;1\/5&#8243;][vc_icon icon_fontawesome=&#8221;fas fa-industry&#8221; color=&#8221;custom&#8221; background_style=&#8221;rounded-less&#8221; background_color=&#8221;custom&#8221; size=&#8221;xl&#8221; align=&#8221;center&#8221; custom_background_color=&#8221;#62c03e&#8221; custom_color=&#8221;#ffffff&#8221;][vc_custom_heading text=&#8221;Maisons&#8221; font_container=&#8221;tag:h3|text_align:center|color:%23000000&#8243; use_theme_fonts=&#8221;yes&#8221;][vc_btn title=&#8221;VIEW LEADS&#8221; style=&#8221;outline-custom&#8221; outline_custom_color=&#8221;#62c03e&#8221; outline_custom_hover_background=&#8221;#62c03e&#8221; outline_custom_hover_text=&#8221;#ffffff&#8221; shape=&#8221;round&#8221; size=&#8221;sm&#8221; align=&#8221;center&#8221; css=&#8221;.vc_custom_1753381411661{margin-top: 30px !important;}&#8221; link=&#8221;url:https%3A%2F%2Fleadfaktory.com%2Ffr%2Fcategorie-produit%2Fmaisons%2F|&#8221;][\/vc_column_inner][vc_column_inner el_class=&#8221;woocommerce_categories2 category-wrapper&#8221; width=&#8221;1\/5&#8243;][vc_icon icon_fontawesome=&#8221;fas fa-cogs&#8221; color=&#8221;custom&#8221; background_style=&#8221;rounded-less&#8221; background_color=&#8221;custom&#8221; size=&#8221;xl&#8221; align=&#8221;center&#8221; custom_background_color=&#8221;#50bfbf&#8221; custom_color=&#8221;#ffffff&#8221;][vc_custom_heading text=&#8221;Logiciel&#8221; font_container=&#8221;tag:h3|text_align:center|color:%23000000&#8243; use_theme_fonts=&#8221;yes&#8221;][vc_btn title=&#8221;VIEW LEADS&#8221; style=&#8221;outline-custom&#8221; outline_custom_color=&#8221;#62c03e&#8221; outline_custom_hover_background=&#8221;#62c03e&#8221; outline_custom_hover_text=&#8221;#ffffff&#8221; shape=&#8221;round&#8221; size=&#8221;sm&#8221; align=&#8221;center&#8221; css=&#8221;.vc_custom_1753381424412{margin-top: 30px !important;}&#8221; link=&#8221;url:https%3A%2F%2Fleadfaktory.com%2Ffr%2Fcategorie-produit%2Flogiciel%2F|&#8221;][\/vc_column_inner][vc_column_inner el_class=&#8221;woocommerce_categories2 category-wrapper&#8221; width=&#8221;1\/5&#8243;][vc_icon icon_fontawesome=&#8221;fas fa-balance-scale-left&#8221; color=&#8221;custom&#8221; background_style=&#8221;rounded-less&#8221; background_color=&#8221;custom&#8221; size=&#8221;xl&#8221; align=&#8221;center&#8221; custom_background_color=&#8221;#f9be00&#8243; custom_color=&#8221;#ffffff&#8221;][vc_custom_heading text=&#8221;Services juridiques&#8221; font_container=&#8221;tag:h3|text_align:center|color:%23000000&#8243; use_theme_fonts=&#8221;yes&#8221;][vc_btn title=&#8221;VIEW LEADS&#8221; style=&#8221;outline-custom&#8221; outline_custom_color=&#8221;#62c03e&#8221; outline_custom_hover_background=&#8221;#62c03e&#8221; outline_custom_hover_text=&#8221;#ffffff&#8221; shape=&#8221;round&#8221; size=&#8221;sm&#8221; align=&#8221;center&#8221; css=&#8221;.vc_custom_1753381449649{margin-top: 30px !important;}&#8221; link=&#8221;url:https%3A%2F%2Fleadfaktory.com%2Ffr%2Fcategorie-produit%2Fservices-juridiques%2F|&#8221;][\/vc_column_inner][vc_column_inner el_class=&#8221;woocommerce_categories2 category-wrapper&#8221; width=&#8221;1\/5&#8243;][vc_icon icon_fontawesome=&#8221;fas fa-gas-pump&#8221; color=&#8221;custom&#8221; background_style=&#8221;rounded-less&#8221; background_color=&#8221;custom&#8221; size=&#8221;xl&#8221; align=&#8221;center&#8221; custom_background_color=&#8221;#3b54d5&#8243; custom_color=&#8221;#ffffff&#8221;][vc_custom_heading text=&#8221;Utilitaires&#8221; font_container=&#8221;tag:h3|text_align:center|color:%23000000&#8243; use_theme_fonts=&#8221;yes&#8221;][vc_btn title=&#8221;VIEW LEADS&#8221; style=&#8221;outline-custom&#8221; outline_custom_color=&#8221;#62c03e&#8221; outline_custom_hover_background=&#8221;#62c03e&#8221; outline_custom_hover_text=&#8221;#ffffff&#8221; shape=&#8221;round&#8221; size=&#8221;sm&#8221; align=&#8221;center&#8221; css=&#8221;.vc_custom_1753381465696{margin-top: 30px !important;}&#8221; link=&#8221;url:https%3A%2F%2Fleadfaktory.com%2Ffr%2Fcategorie-produit%2Futilitaires%2F|&#8221;][\/vc_column_inner][\/vc_row_inner][\/vc_column][\/vc_row][vc_row][vc_column]<div class=\"title-subtile-holder\"><h2 class=\"section-title  \">Comment \u00e7a marche<\/h2><div class=\"svg-border \"><svg width=\"515\" height=\"25\" viewBox=\"0 0 275 15\" fill=\"none\" xmlns=\"http:\/\/www.w3.org\/2000\/svg\">\n        <rect y=\"7\" width=\"120\" height=\"1\" fill=\"#CCCCCC\"\/>\n        <rect x=\"155\" y=\"7\" width=\"120\" height=\"1\" fill=\"#CCCCCC\"\/>\n        <path d=\"M144.443 14.6458C144.207 14.8818 143.897 15 143.588 15C143.278 15 142.968 14.8818 142.732 14.6454L137.874 9.78689C137.517 9.43023 137.43 8.90654 137.612 8.46798L136.617 7.47264L135.242 8.84723C135.517 9.2862 135.458 9.8809 135.066 10.2714C134.614 10.7245 133.888 10.7342 133.448 10.2936L130.324 7.17126C129.883 6.73028 129.893 6.00566 130.347 5.55298C130.738 5.16122 131.332 5.10231 131.771 5.37788L135.378 1.77014C135.102 1.33158 135.161 0.737682 135.553 0.346326C136.006 -0.10676 136.73 -0.116443 137.171 0.324136L140.295 3.44732C140.736 3.8879 140.726 4.61251 140.272 5.0656C139.88 5.45736 139.287 5.51586 138.849 5.2407L137.472 6.6169L138.59 7.73449C138.945 7.69334 139.314 7.80348 139.586 8.07622L144.444 12.9347C144.916 13.4071 144.916 14.1729 144.443 14.6458Z\" fill=\"#2695FF\"\/>\n        <\/svg><\/div><div class=\"section-subtitle \"><\/div><\/div>[vc_empty_space][\/vc_column][\/vc_row][vc_row][vc_column width=&#8221;1\/4&#8243;][vc_btn title=&#8221;\u00c9tape 01&#8243; style=&#8221;custom&#8221; custom_background=&#8221;#50bfbf&#8221; custom_text=&#8221;#f7f7f7&#8243; shape=&#8221;round&#8221;][vc_separator color=&#8221;custom&#8221; border_width=&#8221;3&#8243; accent_color=&#8221;#62c03e&#8221; css=&#8221;.vc_custom_1753380253997{padding-bottom: 15px !important;}&#8221;][vc_row_inner][vc_column_inner width=&#8221;1\/4&#8243;][vc_icon icon_fontawesome=&#8221;fas fa-sign-in-alt&#8221; color=&#8221;custom&#8221; size=&#8221;lg&#8221; custom_color=&#8221;#62c03e&#8221;][\/vc_column_inner][vc_column_inner width=&#8221;3\/4&#8243;][vc_custom_heading text=&#8221;Registre&#8221; use_theme_fonts=&#8221;yes&#8221;][vc_column_text]Cr\u00e9ez votre compte pour commencer \u00e0 utiliser toutes les fonctionnalit\u00e9s de la plateforme Leadfaktory.[\/vc_column_text][\/vc_column_inner][\/vc_row_inner][\/vc_column][vc_column width=&#8221;1\/4&#8243;][vc_btn title=&#8221;\u00c9tape 02&#8243; style=&#8221;custom&#8221; custom_background=&#8221;#50bfbf&#8221; custom_text=&#8221;#ffffff&#8221; shape=&#8221;round&#8221;][vc_separator color=&#8221;custom&#8221; border_width=&#8221;3&#8243; accent_color=&#8221;#62c03e&#8221; css=&#8221;.vc_custom_1753380265533{padding-bottom: 15px !important;}&#8221;][vc_row_inner][vc_column_inner width=&#8221;1\/4&#8243;][vc_icon icon_fontawesome=&#8221;fas fa-store&#8221; color=&#8221;custom&#8221; size=&#8221;lg&#8221; custom_color=&#8221;#62c03e&#8221;][\/vc_column_inner][vc_column_inner width=&#8221;3\/4&#8243;][vc_custom_heading text=&#8221;S\u00e9lectionnez le chef de file&#8221; use_theme_fonts=&#8221;yes&#8221;][vc_column_text]Parcourez les pistes disponibles pour trouver celle qui correspond le mieux \u00e0 vos besoins.[\/vc_column_text][\/vc_column_inner][vc_column_inner][\/vc_column_inner][vc_column_inner][\/vc_column_inner][\/vc_row_inner][\/vc_column][vc_column width=&#8221;1\/4&#8243;][vc_btn title=&#8221;\u00c9tape 03&#8243; style=&#8221;custom&#8221; custom_background=&#8221;#50bfbf&#8221; custom_text=&#8221;#ffffff&#8221; shape=&#8221;round&#8221;][vc_separator color=&#8221;custom&#8221; border_width=&#8221;3&#8243; accent_color=&#8221;#62c03e&#8221; css=&#8221;.vc_custom_1753380279121{padding-bottom: 15px !important;}&#8221;][vc_row_inner][vc_column_inner width=&#8221;1\/4&#8243;][vc_icon icon_fontawesome=&#8221;fas fa-gavel&#8221; color=&#8221;custom&#8221; size=&#8221;lg&#8221; custom_color=&#8221;#62c03e&#8221;][\/vc_column_inner][vc_column_inner width=&#8221;3\/4&#8243;][vc_custom_heading text=&#8221;Aller \u00e0 l&apos;appel d&apos;offres&#8221; use_theme_fonts=&#8221;yes&#8221;][vc_column_text]Rejoignez la t\u00eate de file et placez vos ench\u00e8res en temps r\u00e9el.[\/vc_column_text][\/vc_column_inner][\/vc_row_inner][\/vc_column][vc_column width=&#8221;1\/4&#8243;][vc_btn title=&#8221;\u00c9tape 04&#8243; style=&#8221;custom&#8221; custom_background=&#8221;#50bfbf&#8221; custom_text=&#8221;#ffffff&#8221; shape=&#8221;round&#8221;][vc_separator color=&#8221;custom&#8221; border_width=&#8221;3&#8243; accent_color=&#8221;#62c03e&#8221; css=&#8221;.vc_custom_1753380291934{padding-bottom: 15px !important;}&#8221;][vc_row_inner][vc_column_inner width=&#8221;1\/4&#8243;][vc_icon icon_fontawesome=&#8221;far fa-credit-card&#8221; color=&#8221;custom&#8221; size=&#8221;lg&#8221; custom_color=&#8221;#62c03e&#8221;][\/vc_column_inner][vc_column_inner width=&#8221;3\/4&#8243;][vc_custom_heading text=&#8221;Effectuer le paiement&#8221; use_theme_fonts=&#8221;yes&#8221;][vc_column_text]Compl\u00e9tez votre achat en toute s\u00e9curit\u00e9 une fois que vous avez remport\u00e9 le contrat.[\/vc_column_text][\/vc_column_inner][\/vc_row_inner][\/vc_column][\/vc_row][vc_row][vc_column el_class=&#8221;counter&#8221;]<div class=\"lvca-odometers lvca-grid-container  lvca-grid-desktop-4 lvca-grid-tablet-2 lvca-grid-mobile-1\"><div class=\"lvca-grid-item lvca-odometer\"><div class=\"lvca-number odometer\" data-stop=\"1203\">0<\/div><div class=\"lvca-stats-title-wrap\"><div class=\"lvca-stats-title\"><span class=\"lvca-icon-wrapper\"><span class=\"lvca-icon fas fa-clock\"><\/span><\/span>Nouveaux prospects au cours des derni\u00e8res 24 heures<\/div><\/div><\/div><div class=\"lvca-grid-item lvca-odometer\"><div class=\"lvca-number odometer\" data-stop=\"322\">0<\/div><div class=\"lvca-stats-title-wrap\"><div class=\"lvca-stats-title\"><span class=\"lvca-icon-wrapper\"><span class=\"lvca-icon fas fa-user-clock\"><\/span><\/span>Nouveaux membres, derni\u00e8res 24 heures<\/div><\/div><\/div><div class=\"lvca-grid-item lvca-odometer\"><div class=\"lvca-number odometer\" data-stop=\"3293\">0<\/div><div class=\"lvca-stats-title-wrap\"><div class=\"lvca-stats-title\"><span class=\"lvca-icon-wrapper\"><span class=\"lvca-icon fas fa-gavel\"><\/span><\/span>Nombre total de prospects<\/div><\/div><\/div><div class=\"lvca-grid-item lvca-odometer\"><div class=\"lvca-number odometer\" data-stop=\"1643\">0<\/div><div class=\"lvca-stats-title-wrap\"><div class=\"lvca-stats-title\"><span class=\"lvca-icon-wrapper\"><span class=\"lvca-icon fas fa-users\"><\/span><\/span>Nombre total de membres<\/div><\/div><\/div><\/div>[\/vc_column][\/vc_row]<\/p>\n<\/section>","protected":false},"excerpt":{"rendered":"<p>[vc_row full_width=&#8221;stretch_row&#8221; full_height=&#8221;yes&#8221; columns_placement=&#8221;stretch&#8221; content_placement=&#8221;middle&#8221; parallax=&#8221;content-moving&#8221; parallax_image=&#8221;40660&#8243; lvca_dark_bg=&#8221;true&#8221; css=&#8221;.vc_custom_1753277406617{background-image: url(https:\/\/leadfaktory.com\/wp-content\/uploads\/2025\/07\/slider-bg.jpg?id=40660) !important;background-position: center;background-repeat: no-repeat !important;background-size: cover !important;}&#8221;][vc_column width=&#8221;1\/2&#8243;][vc_empty_space height=&#8221;90px&#8221;][vc_custom_heading text=&#8221;Bienvenue \u00e0 LeadFaktory!&#8221; font_container=&#8221;tag:h1|font_size:5rem|text_align:left|color:%23ffffff|line_height:6rem&#8221; use_theme_fonts=&#8221;yes&#8221;][vc_empty_space height=&#8221;10px&#8221;][vc_column_text] LeadFaktory est une plateforme d&#8217;ench\u00e8res dynamique qui met en relation des vendeurs et des acheteurs enthousiastes par le biais d&#8217;ench\u00e8res en temps r\u00e9el. Que vous proposiez des prospects de grande valeur [&hellip;]<\/p>\n","protected":false},"author":1,"featured_media":0,"parent":0,"menu_order":0,"comment_status":"closed","ping_status":"closed","template":"","meta":{"om_disable_all_campaigns":false,"_themeisle_gutenberg_block_has_review":false,"footnotes":""},"class_list":["post-40798","page","type-page","status-publish","hentry"],"_links":{"self":[{"href":"https:\/\/leadfaktory.com\/fr\/wp-json\/wp\/v2\/pages\/40798","targetHints":{"allow":["GET"]}}],"collection":[{"href":"https:\/\/leadfaktory.com\/fr\/wp-json\/wp\/v2\/pages"}],"about":[{"href":"https:\/\/leadfaktory.com\/fr\/wp-json\/wp\/v2\/types\/page"}],"author":[{"embeddable":true,"href":"https:\/\/leadfaktory.com\/fr\/wp-json\/wp\/v2\/users\/1"}],"replies":[{"embeddable":true,"href":"https:\/\/leadfaktory.com\/fr\/wp-json\/wp\/v2\/comments?post=40798"}],"version-history":[{"count":5,"href":"https:\/\/leadfaktory.com\/fr\/wp-json\/wp\/v2\/pages\/40798\/revisions"}],"predecessor-version":[{"id":40812,"href":"https:\/\/leadfaktory.com\/fr\/wp-json\/wp\/v2\/pages\/40798\/revisions\/40812"}],"wp:attachment":[{"href":"https:\/\/leadfaktory.com\/fr\/wp-json\/wp\/v2\/media?parent=40798"}],"curies":[{"name":"wp","href":"https:\/\/api.w.org\/{rel}","templated":true}]}}