{"id":40446,"date":"2022-08-15T09:06:58","date_gmt":"2022-08-15T13:06:58","guid":{"rendered":"https:\/\/leadfaktory.com\/conditions-dutilisation\/"},"modified":"2025-02-04T04:59:26","modified_gmt":"2025-02-04T08:59:26","slug":"conditions-dutilisation","status":"publish","type":"page","link":"https:\/\/leadfaktory.com\/fr\/conditions-dutilisation\/","title":{"rendered":"Conditions d&#8217;utilisation"},"content":{"rendered":"\n<p>Derni\u00e8re mise \u00e0 jour :  f\u00e9vrier 4, 2025<\/p>\n\n<p>Veuillez lire attentivement les pr\u00e9sentes conditions d&#8217;utilisation (&#8220;Conditions&#8221;, &#8220;Conditions d&#8217;utilisation&#8221;) avant d&#8217;utiliser le site web https:\/\/leadfaktory.com (le &#8220;Service&#8221;) exploit\u00e9 par leadfaktory (&#8220;nous&#8221;, &#8220;nous&#8221; ou &#8220;notre&#8221;).<\/p>\n\n<p>Votre acc\u00e8s au service et son utilisation sont subordonn\u00e9s \u00e0 votre acceptation et au respect des pr\u00e9sentes conditions. Ces conditions s&#8217;appliquent \u00e0 tous les visiteurs, utilisateurs et autres personnes qui acc\u00e8dent au service ou l&#8217;utilisent. <\/p>\n\n<p>En acc\u00e9dant au service ou en l&#8217;utilisant, vous acceptez d&#8217;\u00eatre li\u00e9 par les pr\u00e9sentes conditions. Si vous n&#8217;\u00eates pas d&#8217;accord avec une partie des conditions, vous ne pouvez pas acc\u00e9der au service. <\/p>\n\n<h2 class=\"wp-block-heading\">Comptes<\/h2>\n\n<p>Lorsque vous cr\u00e9ez un compte chez nous, vous devez nous fournir des informations exactes, compl\u00e8tes et \u00e0 jour \u00e0 tout moment. Le non-respect de cette obligation constitue une violation des conditions, qui peut entra\u00eener la r\u00e9siliation imm\u00e9diate de votre compte sur notre service. <\/p>\n\n<p>Vous \u00eates responsable de la protection du mot de passe que vous utilisez pour acc\u00e9der au service et de toutes les activit\u00e9s ou actions effectu\u00e9es avec votre mot de passe, que celui-ci soit utilis\u00e9 dans le cadre de notre service ou d&#8217;un service tiers.<\/p>\n\n<p>Vous acceptez de ne pas divulguer votre mot de passe \u00e0 un tiers. Vous devez nous avertir imm\u00e9diatement d\u00e8s que vous avez connaissance d&#8217;une violation de la s\u00e9curit\u00e9 ou d&#8217;une utilisation non autoris\u00e9e de votre compte. <\/p>\n\n<h2 class=\"wp-block-heading\">Liens vers d&#8217;autres sites web<\/h2>\n\n<p>Notre service peut contenir des liens vers des sites web ou des services de tiers qui ne sont pas d\u00e9tenus ou contr\u00f4l\u00e9s par leadfaktory.<\/p>\n\n<p>leadfaktory  n&#8217;a aucun contr\u00f4le sur le contenu, les politiques de confidentialit\u00e9 ou les pratiques des sites web ou services tiers, et n&#8217;en assume pas la responsabilit\u00e9. En outre, vous reconnaissez et acceptez que leadfaktory ne soit pas responsable, directement ou indirectement, de tout dommage ou perte caus\u00e9 ou suppos\u00e9 caus\u00e9 par ou en relation avec l&#8217;utilisation ou la confiance accord\u00e9e \u00e0 tout contenu, bien ou service disponible sur ou par l&#8217;interm\u00e9diaire de ces sites web ou services. <\/p>\n\n<p>Nous vous conseillons vivement de lire les conditions g\u00e9n\u00e9rales et les politiques de confidentialit\u00e9 de tout site web ou service tiers que vous visitez.<\/p>\n\n<h2 class=\"wp-block-heading\">Cessation d&#8217;activit\u00e9<\/h2>\n\n<p>Nous pouvons r\u00e9silier ou suspendre votre compte imm\u00e9diatement, sans pr\u00e9avis ni responsabilit\u00e9, pour quelque raison que ce soit, y compris, mais sans s&#8217;y limiter, si vous enfreignez les conditions.<\/p>\n\n<p>En cas de r\u00e9siliation, votre droit d&#8217;utiliser le service cessera imm\u00e9diatement. Si vous souhaitez r\u00e9silier votre compte, vous pouvez simplement cesser d&#8217;utiliser le service. <\/p>\n\n<p>Toutes les dispositions des conditions qui, de par leur nature, doivent survivre \u00e0 la r\u00e9siliation, y compris, sans s&#8217;y limiter, les dispositions relatives \u00e0 la propri\u00e9t\u00e9, les exclusions de garantie, l&#8217;indemnisation et les limitations de responsabilit\u00e9, resteront en vigueur.<\/p>\n\n<h2 class=\"wp-block-heading\">Droit applicable<\/h2>\n\n<p>Les pr\u00e9sentes conditions sont r\u00e9gies et interpr\u00e9t\u00e9es conform\u00e9ment aux lois du Canada, sans tenir compte des dispositions relatives aux conflits de lois.<\/p>\n\n<p>Le fait que nous ne fassions pas valoir un droit ou une disposition des pr\u00e9sentes conditions ne sera pas consid\u00e9r\u00e9 comme une renonciation \u00e0 ces droits. Si une disposition des pr\u00e9sentes conditions est jug\u00e9e invalide ou inapplicable par un tribunal, les autres dispositions des pr\u00e9sentes conditions resteront en vigueur. Les pr\u00e9sentes conditions constituent l&#8217;int\u00e9gralit\u00e9 de l&#8217;accord entre nous concernant notre service, et annulent et remplacent tout accord ant\u00e9rieur que nous pourrions avoir entre nous concernant le service.  <\/p>\n\n<h2 class=\"wp-block-heading\">Changements<\/h2>\n\n<p>Nous nous r\u00e9servons le droit, \u00e0 notre seule discr\u00e9tion, de modifier ou de remplacer ces conditions \u00e0 tout moment. Si une r\u00e9vision est importante, nous nous efforcerons de fournir un pr\u00e9avis d&#8217;au moins 30 jours avant l&#8217;entr\u00e9e en vigueur des nouvelles conditions. Ce qui constitue un changement important sera d\u00e9termin\u00e9 \u00e0 notre seule discr\u00e9tion.  <\/p>\n\n<p>En continuant \u00e0 acc\u00e9der \u00e0 notre service ou \u00e0 l&#8217;utiliser apr\u00e8s l&#8217;entr\u00e9e en vigueur de ces r\u00e9visions, vous acceptez d&#8217;\u00eatre li\u00e9 par les conditions r\u00e9vis\u00e9es. Si vous n&#8217;acceptez pas les nouvelles conditions, veuillez cesser d&#8217;utiliser le service. <\/p>\n\n<h2 class=\"wp-block-heading\">Nous contacter<\/h2>\n\n<p>Si vous avez des questions concernant ces conditions, veuillez nous contacter.<\/p>\n","protected":false},"excerpt":{"rendered":"<p>Derni\u00e8re mise \u00e0 jour : Veuillez lire attentivement les pr\u00e9sentes conditions d&#8217;utilisation (&#8220;Conditions&#8221;, &#8220;Conditions d&#8217;utilisation&#8221;) avant d&#8217;utiliser le site web (le &#8220;Service&#8221;) exploit\u00e9 par (&#8220;nous&#8221;, &#8220;nous&#8221; ou &#8220;notre&#8221;). Votre acc\u00e8s au service et son utilisation sont subordonn\u00e9s \u00e0 votre acceptation et au respect des pr\u00e9sentes conditions. Ces conditions s&#8217;appliquent \u00e0 tous les visiteurs, utilisateurs et [&hellip;]<\/p>\n","protected":false},"author":1,"featured_media":0,"parent":0,"menu_order":0,"comment_status":"closed","ping_status":"closed","template":"","meta":{"om_disable_all_campaigns":false,"_themeisle_gutenberg_block_has_review":false,"footnotes":""},"class_list":["post-40446","page","type-page","status-publish","hentry"],"_links":{"self":[{"href":"https:\/\/leadfaktory.com\/fr\/wp-json\/wp\/v2\/pages\/40446","targetHints":{"allow":["GET"]}}],"collection":[{"href":"https:\/\/leadfaktory.com\/fr\/wp-json\/wp\/v2\/pages"}],"about":[{"href":"https:\/\/leadfaktory.com\/fr\/wp-json\/wp\/v2\/types\/page"}],"author":[{"embeddable":true,"href":"https:\/\/leadfaktory.com\/fr\/wp-json\/wp\/v2\/users\/1"}],"replies":[{"embeddable":true,"href":"https:\/\/leadfaktory.com\/fr\/wp-json\/wp\/v2\/comments?post=40446"}],"version-history":[{"count":1,"href":"https:\/\/leadfaktory.com\/fr\/wp-json\/wp\/v2\/pages\/40446\/revisions"}],"predecessor-version":[{"id":40447,"href":"https:\/\/leadfaktory.com\/fr\/wp-json\/wp\/v2\/pages\/40446\/revisions\/40447"}],"wp:attachment":[{"href":"https:\/\/leadfaktory.com\/fr\/wp-json\/wp\/v2\/media?parent=40446"}],"curies":[{"name":"wp","href":"https:\/\/api.w.org\/{rel}","templated":true}]}}