{"id":40413,"date":"2022-04-29T10:59:03","date_gmt":"2022-04-29T14:59:03","guid":{"rendered":"https:\/\/leadfaktory.com\/privacy-policy\/"},"modified":"2025-02-03T16:16:49","modified_gmt":"2025-02-03T20:16:49","slug":"privacy-policy","status":"publish","type":"page","link":"https:\/\/leadfaktory.com\/fr\/privacy-policy\/","title":{"rendered":"Politique de confidentialit\u00e9"},"content":{"rendered":"\n<p>LeadFaktory (&#8220;<strong>nous<\/strong>&#8221; ou &#8220;<strong>LeadFaktory<\/strong>&#8220;) s&#8217;engage \u00e0 respecter la confidentialit\u00e9 et la s\u00e9curit\u00e9 de vos informations personnelles. La pr\u00e9sente politique de confidentialit\u00e9 (&#8220;<strong>politique<\/strong>&#8220;) d\u00e9crit les pratiques de confidentialit\u00e9 que nous suivons en relation avec le site Web LeadFaktory (https:\/\/leadfaktory.com), les pages de m\u00e9dias sociaux et les applications mobiles qui y sont li\u00e9es (collectivement, nos &#8220;<strong>sites<\/strong>&#8220;), ainsi que les services aux consommateurs connexes offerts par l&#8217;interm\u00e9diaire des sites. Il d\u00e9crit \u00e9galement les options dont vous disposez concernant la collecte, l&#8217;utilisation et la divulgation de vos informations personnelles lorsque vous acc\u00e9dez aux Sites.  <\/p>\n\n\n\n<p>En acc\u00e9dant \u00e0 nos sites ou en les visitant, en communiquant avec nous (par quelque moyen que ce soit) ou en acceptant de recevoir des courriels de notre part, vous acceptez les conditions de la pr\u00e9sente politique. Si vous avez des questions, des pr\u00e9occupations ou des commentaires concernant le traitement de vos informations personnelles ou la pr\u00e9sente politique, veuillez contacter notre responsable de la protection de la vie priv\u00e9e \u00e0 l&#8217;adresse \u00e9lectronique suivante : <a href=\"mailto:leadmaster@leadfaktory.com\">leadmaster@leadfaktory.com<\/a>. <\/p>\n\n\n\n<ol class=\"wp-block-list\" type=\"1\">\n<li><strong><a href=\"#quelles-sont-les-informations-personnelles-que-nous-recueillons-pourquoi-et-par-quels-moyens\">Quelles sont les informations personnelles que nous recueillons, pourquoi et par quels moyens ?<\/a><\/strong><\/li>\n\n\n\n<li><strong><a href=\"#dans-quelles-circonstances-partageons-nous-vos-informations-personnelles\">Dans quelles circonstances partageons-nous vos informations personnelles ?<\/a><\/strong><\/li>\n\n\n\n<li><strong><a href=\"#utilisons-nous-des-cookies-des-technologies-de-profilage-ou-de-suivi-et-dans-laffirmative-comment-sont-ils-activ\u00e9s-et-d\u00e9sactiv\u00e9s\">Utilisons-nous des cookies, des technologies de profilage ou de suivi et, dans l&#8217;affirmative, comment sont-ils activ\u00e9s et d\u00e9sactiv\u00e9s ?<\/a><\/strong><\/li>\n\n\n\n<li><strong><a href=\"#comment-conservons-nous-et-s\u00e9curisons-nous-vos-informations-personnelles\">Comment conservons-nous et s\u00e9curisons-nous vos informations personnelles ?<\/a><\/strong><\/li>\n\n\n\n<li><strong><a href=\"#vie-priv\u00e9e-des-enfants\">Vie priv\u00e9e des enfants<\/a><\/strong><\/li>\n\n\n\n<li><strong><a href=\"#vos-droits\">Vos droits<\/a><\/strong><\/li>\n\n\n\n<li><strong><a href=\"#comment-se-d\u00e9sinscrire\">Comment se d\u00e9sinscrire<\/a><\/strong><\/li>\n\n\n\n<li><strong><a href=\"#mises-\u00e0-jour-de-la-pr\u00e9sente-politique\">Mises \u00e0 jour de la pr\u00e9sente politique<\/a><\/strong><\/li>\n\n\n\n<li><a href=\"#comment-demander-la-suppression-de-vos-donnees-personnelles\"><strong>Comment demander la suppression de vos donnees personnelles<\/strong><\/a><\/li>\n<\/ol>\n\n\n\n<p><\/p>\n\n\n\n<p><br><\/p>\n\n\n\n<h3 class=\"wp-block-heading\" id=\"quelles-sont-les-informations-personnelles-que-nous-recueillons-pourquoi-et-par-quels-moyens\"><strong>1. QUELLES INFORMATIONS PERSONNELLES COLLECTONS-NOUS, POURQUOI ET PAR QUELS MOYENS ?<\/strong><\/h3>\n\n\n\n<p>Nous collectons vos informations personnelles de diff\u00e9rentes mani\u00e8res et \u00e0 diff\u00e9rentes fins, en fonction de leurs diff\u00e9rentes cat\u00e9gories. Veuillez consulter le tableau ci-dessous pour plus de d\u00e9tails. <\/p>\n\n\n\n<figure class=\"wp-block-table\"><table><tbody><tr><td><strong>Cat\u00e9gories<\/strong><\/td><td><strong>Exemples<\/strong><\/td><td><strong>Moyens et objectifs de la collecte<\/strong><\/td><\/tr><tr><td>Informations sur le compte LeadFaktory<\/td><td>Nom, adresse, num\u00e9ro de t\u00e9l\u00e9phone, adresse \u00e9lectronique, nom d&#8217;utilisateur et mot de passe  <\/td><td>Nous recueillons ces informations lorsque vous cr\u00e9ez votre compte LeadFaktory. La collecte de ces informations nous permet de traiter vos demandes telles que l&#8217;envoi ou l&#8217;achat de leads, de fournir les services et les informations que vous demandez, ainsi que de r\u00e9pondre aux commentaires et aux questions que vous nous envoyez. <\/td><\/tr><tr><td>Informations contenues dans les pistes<\/td><td>Nom, adresse, adresse \u00e9lectronique, num\u00e9ro de t\u00e9l\u00e9phone, service(s) recherch\u00e9(s). En fonction de la nature du service demand\u00e9, nous pouvons \u00e9galement recueillir les informations personnelles suivantes : \u00e2ge, sexe, fumeur\/non-fumeur, description sommaire du dossier de conduite, valeur du pr\u00eat souhait\u00e9, valeur des biens \u00e0 assurer. <\/td><td>Nous collectons ces informations par le biais de nos formulaires web standardis\u00e9s. Nous collectons ces informations dans le but de faciliter les transactions. <\/td><\/tr><tr><td>Informations sur le marketing<\/td><td>Pr\u00e9f\u00e9rences en mati\u00e8re de marketing<\/td><td>Recueillies avec votre consentement dans le but de commercialiser nos services.<\/td><\/tr><tr><td>Informations techniques<\/td><td>Type d&#8217;appareil, type de navigateur, adresse IP, pages visit\u00e9es sur nos sites.<\/td><td>Collect\u00e9es par le biais de cookies, y compris de cookies tiers, sur nos sites dans le but d&#8217;am\u00e9liorer la fonctionnalit\u00e9 du site web et de corriger les bogues. Pour plus d&#8217;informations sur notre utilisation des cookies, veuillez vous reporter \u00e0 la section 3 de la pr\u00e9sente politique. <\/td><\/tr><tr><td>Informations sur l&#8217;utilisation et les performances<\/td><td>La date, l&#8217;heure et la dur\u00e9e de vos visites sur les sites, les pages consult\u00e9es et les liens cliqu\u00e9s sur les sites, vos pr\u00e9f\u00e9rences linguistiques, votre historique de navigation et les pages web qui vous ont redirig\u00e9 vers nos sites.<\/td><td>Nous collectons ces donn\u00e9es \u00e0 l&#8217;aide de cookies et de pixels sur nos sites, y compris ceux fournis par des tiers de confiance qui les collectent en notre nom. Pour plus d&#8217;informations sur ces technologies, y compris sur la mani\u00e8re de les activer et de les d\u00e9sactiver, veuillez consulter la section 3 de notre politique. La collecte de ces informations nous permet de compiler des donn\u00e9es globales sur le trafic et les interactions sur nos sites afin d&#8217;am\u00e9liorer l&#8217;exp\u00e9rience et les outils sur nos sites et de fournir des exp\u00e9riences personnalis\u00e9es \u00e0 nos utilisateurs.  <\/td><\/tr><\/tbody><\/table><\/figure>\n\n\n\n<p>Nous prenons des mesures pour nous assurer que seuls les employ\u00e9s qui ont besoin d&#8217;acc\u00e9der \u00e0 vos informations personnelles pour exercer leurs fonctions y ont acc\u00e8s.<br><br><\/p>\n\n\n\n<h3 class=\"wp-block-heading\" id=\"dans-quelles-circonstances-partageons-nous-vos-informations-personnelles\"><strong>2. DANS QUELLES CIRCONSTANCES PARTAGEONS-NOUS VOS INFORMATIONS PERSONNELLES ?<\/strong><\/h3>\n\n\n\n<p>Nous partageons vos informations personnelles avec des tiers lorsque cela est n\u00e9cessaire pour atteindre les objectifs identifi\u00e9s ci-dessus et, plus sp\u00e9cifiquement, comme indiqu\u00e9 dans le tableau ci-dessous :  <\/p>\n\n\n\n<figure class=\"wp-block-table\"><table><tbody><tr><td><strong>Cat\u00e9gories de tiers<\/strong><\/td><td><strong>Objectif de la communication<\/strong><\/td><\/tr><tr><td>Fournisseurs de services<\/td><td>Pour nous permettre de fournir les services demand\u00e9s, tels que le traitement des paiements, le marketing et l&#8217;h\u00e9bergement du site web.<\/td><\/tr><tr><td>Conseillers professionnels<\/td><td>Nous pouvons divulguer vos informations personnelles \u00e0 nos conseillers juridiques, financiers, comptables ou autres dans la mesure o\u00f9 cela est n\u00e9cessaire pour faire fonctionner notre entreprise et respecter les lois applicables.<\/td><\/tr><tr><td>Application de la loi et autres agences gouvernementales<\/td><td>Respecter les obligations l\u00e9gales et r\u00e9pondre aux demandes l\u00e9gitimes. Nous v\u00e9rifions que la demande est l\u00e9gitime avant d&#8217;y r\u00e9pondre. <\/td><\/tr><tr><td>Ayants droit<\/td><td>Dans le cas d&#8217;une vente, d&#8217;une fusion ou d&#8217;une autre transaction commerciale, pour permettre au nouveau propri\u00e9taire ou op\u00e9rateur de LeadFaktory de continuer \u00e0 fournir des services \u00e0 nos utilisateurs.<\/td><\/tr><\/tbody><\/table><figcaption class=\"wp-element-caption\"><br><br><\/figcaption><\/figure>\n\n\n\n<h3 class=\"wp-block-heading\" id=\"utilisons-nous-des-cookies-des-technologies-de-profilage-ou-de-suivi-et-dans-laffirmative-comment-sont-ils-activ\u00e9s-et-d\u00e9sactiv\u00e9s\"><strong>3. UTILISONS-NOUS DES COOKIES, DES TECHNOLOGIES DE PROFILAGE OU DE SUIVI ET, DANS L&#8217;AFFIRMATIVE, COMMENT SONT-ILS ACTIV\u00c9S ET D\u00c9SACTIV\u00c9S ?<\/strong><\/h3>\n\n\n\n<p>Les cookies sont de petits fichiers texte qui sont plac\u00e9s sur votre appareil lorsque vous acc\u00e9dez \u00e0 notre site web, et ils peuvent \u00eatre utilis\u00e9s pour collecter des informations telles que votre type de navigateur, votre adresse IP et les pages visit\u00e9es sur notre site. Nous utilisons des cookies sur nos sites pour am\u00e9liorer la fonctionnalit\u00e9, comprendre les sch\u00e9mas d&#8217;utilisation et fournir des exp\u00e9riences personnalis\u00e9es \u00e0 nos utilisateurs. Les cookies nous aident \u00e9galement \u00e0 d\u00e9tecter les bogues et les erreurs sur nos sites.  <\/p>\n\n\n\n<p>Vous pouvez g\u00e9rer vos pr\u00e9f\u00e9rences en mati\u00e8re de cookies en ajustant les param\u00e8tres de votre navigateur web. Veuillez noter que la d\u00e9sactivation des cookies (tels que les cookies essentiels ou fonctionnels) peut limiter votre capacit\u00e9 \u00e0 utiliser certaines fonctionnalit\u00e9s de notre site web. N\u00e9anmoins, vous pouvez choisir de d\u00e9sactiver les cookies \u00e0 tout moment dans votre navigateur.  <\/p>\n\n\n\n<p>Les pr\u00e9f\u00e9rences en mati\u00e8re de cookies doivent \u00eatre d\u00e9finies pour chaque navigateur Internet. Vous disposez g\u00e9n\u00e9ralement de plusieurs moyens pour g\u00e9rer les cookies, notamment : autoriser ou interdire compl\u00e8tement les cookies, supprimer des cookies sp\u00e9cifiques d\u00e9j\u00e0 stock\u00e9s par le navigateur, emp\u00eacher certains sites web d&#8217;envoyer des cookies \u00e0 votre ordinateur ou bloquer les cookies de tiers (lorsque vous naviguez sur un site web, des cookies sont envoy\u00e9s \u00e0 votre ordinateur \u00e0 partir d&#8217;un autre site web). Si vous avez des questions sur notre utilisation des cookies, veuillez nous contacter en utilisant les coordonn\u00e9es fournies ci-dessus.  <br><br><\/p>\n\n\n\n<h3 class=\"wp-block-heading\" id=\"comment-conservons-nous-et-s\u00e9curisons-nous-vos-informations-personnelles\"><strong>4. COMMENT CONSERVONS-NOUS ET S\u00c9CURISONS-NOUS VOS INFORMATIONS PERSONNELLES ?<\/strong><\/h3>\n\n\n\n<p>Vos informations personnelles sont h\u00e9berg\u00e9es sur les serveurs de notre fournisseur de services de confiance situ\u00e9 au Qu\u00e9bec. Nous mettons en \u0153uvre des mesures de protection physiques, administratives et techniques con\u00e7ues pour pr\u00e9server la confidentialit\u00e9, l&#8217;int\u00e9grit\u00e9 et la s\u00e9curit\u00e9 des renseignements personnels sous notre contr\u00f4le. Toutefois, les informations transmises sur Internet et\/ou stock\u00e9es sur des syst\u00e8mes reli\u00e9s \u00e0 Internet ne sont pas s\u00fbres \u00e0 100 %, et aucune mesure de s\u00e9curit\u00e9 ne peut offrir une protection absolue. Par cons\u00e9quent, nous n&#8217;assurons pas, ne garantissons pas la s\u00e9curit\u00e9 ou l&#8217;int\u00e9grit\u00e9 de ces informations.   <\/p>\n\n\n\n<p>Nous ne conservons vos informations personnelles que pendant la dur\u00e9e n\u00e9cessaire \u00e0 la r\u00e9alisation des objectifs sp\u00e9cifi\u00e9s dans la pr\u00e9sente politique et au respect de nos obligations l\u00e9gales. En ce qui concerne sp\u00e9cifiquement les informations personnelles contenues dans les pistes, ces informations sont d\u00e9truites 48 heures apr\u00e8s l&#8217;achat de la piste. Si une piste n&#8217;est pas vendue, les informations personnelles qu&#8217;elle contient seront d\u00e9truites 48 heures apr\u00e8s la fin de la p\u00e9riode d&#8217;ench\u00e8res. Si vous souhaitez obtenir plus d&#8217;informations sur la dur\u00e9e de conservation de vos informations personnelles, veuillez contacter notre responsable de la protection de la vie priv\u00e9e en utilisant les coordonn\u00e9es ci-dessus.   <\/p>\n\n\n\n<p>La pr\u00e9sente politique ne s&#8217;applique pas aux sites web de tiers. Nous ne sommes pas responsables de leurs politiques, proc\u00e9dures ou pratiques en mati\u00e8re de protection de la vie priv\u00e9e. <br><br><\/p>\n\n\n\n<h3 class=\"wp-block-heading\" id=\"vie-priv\u00e9e-des-enfants\"><strong>5. LA VIE PRIV\u00c9E DES ENFANTS<\/strong><\/h3>\n\n\n\n<p>Nous ne collectons pas sciemment d&#8217;informations personnelles aupr\u00e8s d&#8217;enfants de moins de 14 ans sur nos sites. Si vous \u00eates le parent ou le tuteur l\u00e9gal d&#8217;un enfant de moins de 14 ans qui nous a fourni des informations personnelles, vous pouvez nous contacter en utilisant les coordonn\u00e9es ci-dessus pour nous demander de cesser d&#8217;utiliser ou de supprimer ces informations. <br><br><\/p>\n\n\n\n<h3 class=\"wp-block-heading\" id=\"vos-droits\"><strong>6. VOS DROITS<\/strong><\/h3>\n\n\n\n<p>Sur demande \u00e9crite et confirmation de votre identit\u00e9, vous aurez acc\u00e8s aux informations personnelles en notre possession et pourrez demander des corrections, si n\u00e9cessaire, conform\u00e9ment aux lois applicables. Pour garantir l&#8217;exactitude et la mise \u00e0 jour des informations personnelles que nous d\u00e9tenons \u00e0 votre sujet, veuillez nous informer imm\u00e9diatement de tout changement concernant vos informations personnelles. Si nous utilisons et\/ou divulguons vos informations personnelles sur la base de votre consentement, vous pouvez toujours retirer ce consentement. Veuillez toutefois noter que le retrait de votre consentement peut vous emp\u00eacher de b\u00e9n\u00e9ficier de tout ou partie de nos services.   <\/p>\n\n\n\n<p>Si vous avez des questions ou des commentaires sur la pr\u00e9sente politique ou sur nos pratiques en mati\u00e8re de protection de la vie priv\u00e9e, y compris sur la mani\u00e8re dont nous utilisons vos informations personnelles, ou pour savoir comment exercer vos droits en ce qui concerne le traitement de vos informations personnelles, y compris pour d\u00e9poser une plainte, vous pouvez contacter notre responsable de la protection de la vie priv\u00e9e en utilisant les coordonn\u00e9es indiqu\u00e9es ci-dessus.<br><br><\/p>\n\n\n\n<h3 class=\"wp-block-heading\" id=\"comment-se-d\u00e9sinscrire\"><strong>7. COMMENT SE D\u00c9SINSCRIRE<\/strong><\/h3>\n\n\n\n<p>Si, \u00e0 tout moment, vous souhaitez ne plus recevoir de messages marketing de notre part, nous incluons un m\u00e9canisme de d\u00e9sabonnement dans toutes nos communications \u00e9lectroniques et vous pouvez toujours modifier vos pr\u00e9f\u00e9rences en mati\u00e8re de courrier \u00e9lectronique via votre compte LeadFaktory.  <br><br><\/p>\n\n\n\n<h3 class=\"wp-block-heading\" id=\"mises-\u00e0-jour-de-la-pr\u00e9sente-politique\"><strong>8. MISES A JOUR DE LA PRESENTE POLITIQUE<\/strong><\/h3>\n\n\n\n<p>N&#8217;oubliez pas que si vous choisissez de ne pas recevoir de communications marketing, vous continuerez \u00e0 recevoir des communications transactionnelles ou relatives \u00e0 votre compte concernant les services ou produits que vous avez demand\u00e9s sur les sites (par exemple, des e-mails de con\ufb01rmation, des rappels de facturation, etc.)<\/p>\n\n\n\n<p>Veuillez consulter r\u00e9guli\u00e8rement nos sites pour vous tenir au courant des modifications apport\u00e9es \u00e0 la pr\u00e9sente politique, car nous pouvons la mettre \u00e0 jour de temps \u00e0 autre. Si nous mettons \u00e0 jour la pr\u00e9sente politique, nous publierons sur les sites un avis indiquant les modifications et leur date d&#8217;entr\u00e9e en vigueur. En continuant \u00e0 utiliser les sites apr\u00e8s une mise \u00e0 jour de la pr\u00e9sente politique, vous indiquez que vous avez lu, compris et accept\u00e9 la version actuelle de la politique.  <br><br><\/p>\n\n\n\n<h3 class=\"wp-block-heading\" id=\"comment-demander-la-suppression-de-vos-donnees-personnelles\"><strong>9. COMMENT DEMANDER LA SUPPRESSION DE VOS DONN\u00c9ES PERSONNELLES<\/strong><\/h3>\n\n\n\n<p>Si vous souhaitez demander la suppression de vos donn\u00e9es personnelles collect\u00e9es par l&#8217;interm\u00e9diaire de nos sites, vous pouvez le faire en suivant les \u00e9tapes suivantes :<\/p>\n\n\n\n<ol class=\"wp-block-list\">\n<li><strong>Contactez-nous<\/strong> &#8211; Envoyez un courriel \u00e0 notre responsable de la protection de la vie priv\u00e9e \u00e0 l&#8217;<a href=\"mailto:leadmaster@leadfaktory.com\">adresse leadmaster@leadfaktory.com<\/a> en indiquant comme objet <strong>&#8220;Demande de suppression de donn\u00e9es&#8221;.<\/strong><\/li>\n\n\n\n<li><strong>Fournir des informations de v\u00e9rification<\/strong> &#8211; Pour garantir la s\u00e9curit\u00e9 de vos donn\u00e9es, nous pouvons vous demander de v\u00e9rifier votre identit\u00e9 avant de traiter votre demande. Il peut s&#8217;agir de confirmer des d\u00e9tails associ\u00e9s \u00e0 votre compte ou des interactions ant\u00e9rieures avec nos services. <\/li>\n\n\n\n<li><strong>D\u00e9lai de traitement<\/strong> &#8211; Une fois votre demande v\u00e9rifi\u00e9e, nous supprimerons vos donn\u00e9es personnelles de nos syst\u00e8mes dans un d\u00e9lai de <strong>30 jours<\/strong>, sauf si nous sommes tenus de les conserver \u00e0 des fins l\u00e9gales ou r\u00e9glementaires.<\/li>\n\n\n\n<li><strong>Confirmation de la suppression<\/strong> &#8211; Apr\u00e8s avoir trait\u00e9 votre demande, nous vous enverrons un courriel de confirmation indiquant que vos donn\u00e9es \u00e0 caract\u00e8re personnel ont \u00e9t\u00e9 supprim\u00e9es.<\/li>\n<\/ol>\n\n\n\n<p><strong>Remarques importantes :<\/strong><\/p>\n\n\n\n<ul class=\"wp-block-list\">\n<li>La suppression de vos donn\u00e9es peut entra\u00eener la perte de l&#8217;acc\u00e8s \u00e0 certains services, y compris toute information achet\u00e9e ou stock\u00e9e.<\/li>\n\n\n\n<li>Certaines donn\u00e9es peuvent \u00eatre conserv\u00e9es si la loi l&#8217;exige (par exemple, \u00e0 des fins fiscales, juridiques ou de pr\u00e9vention de la fraude).<\/li>\n\n\n\n<li>Si vos donn\u00e9es sont stock\u00e9es par des prestataires de services tiers, nous leur transmettrons votre demande le cas \u00e9ch\u00e9ant.<\/li>\n<\/ul>\n\n\n\n<p>Pour toute question ou assistance suppl\u00e9mentaire concernant votre demande de suppression de donn\u00e9es, veuillez nous contacter \u00e0 l&#8217;adresse suivante <strong><a href=\"mailto:leadmaster@leadfaktory.com\">leadmaster@leadfaktory.com<\/a><\/strong>.<\/p>\n\n\n\n<p>Derni\u00e8re mise \u00e0 jour : 3 f\u00e9vrier 2025<\/p>\n","protected":false},"excerpt":{"rendered":"<p>LeadFaktory (&#8220;nous&#8221; ou &#8220;LeadFaktory&#8220;) s&#8217;engage \u00e0 respecter la confidentialit\u00e9 et la s\u00e9curit\u00e9 de vos informations personnelles. La pr\u00e9sente politique de confidentialit\u00e9 (&#8220;politique&#8220;) d\u00e9crit les pratiques de confidentialit\u00e9 que nous suivons en relation avec le site Web LeadFaktory (https:\/\/leadfaktory.com), les pages de m\u00e9dias sociaux et les applications mobiles qui y sont li\u00e9es (collectivement, nos &#8220;sites&#8220;), ainsi [&hellip;]<\/p>\n","protected":false},"author":1,"featured_media":0,"parent":0,"menu_order":0,"comment_status":"closed","ping_status":"open","template":"","meta":{"om_disable_all_campaigns":false,"_themeisle_gutenberg_block_has_review":false,"footnotes":""},"class_list":["post-40413","page","type-page","status-publish","hentry"],"_links":{"self":[{"href":"https:\/\/leadfaktory.com\/fr\/wp-json\/wp\/v2\/pages\/40413","targetHints":{"allow":["GET"]}}],"collection":[{"href":"https:\/\/leadfaktory.com\/fr\/wp-json\/wp\/v2\/pages"}],"about":[{"href":"https:\/\/leadfaktory.com\/fr\/wp-json\/wp\/v2\/types\/page"}],"author":[{"embeddable":true,"href":"https:\/\/leadfaktory.com\/fr\/wp-json\/wp\/v2\/users\/1"}],"replies":[{"embeddable":true,"href":"https:\/\/leadfaktory.com\/fr\/wp-json\/wp\/v2\/comments?post=40413"}],"version-history":[{"count":7,"href":"https:\/\/leadfaktory.com\/fr\/wp-json\/wp\/v2\/pages\/40413\/revisions"}],"predecessor-version":[{"id":40443,"href":"https:\/\/leadfaktory.com\/fr\/wp-json\/wp\/v2\/pages\/40413\/revisions\/40443"}],"wp:attachment":[{"href":"https:\/\/leadfaktory.com\/fr\/wp-json\/wp\/v2\/media?parent=40413"}],"curies":[{"name":"wp","href":"https:\/\/api.w.org\/{rel}","templated":true}]}}