{"id":40450,"date":"2022-08-15T09:06:58","date_gmt":"2022-08-15T13:06:58","guid":{"rendered":"https:\/\/leadfaktory.com\/condiciones-generales\/"},"modified":"2025-02-04T05:00:42","modified_gmt":"2025-02-04T09:00:42","slug":"condiciones-generales","status":"publish","type":"page","link":"https:\/\/leadfaktory.com\/es\/condiciones-generales\/","title":{"rendered":"Condiciones generales"},"content":{"rendered":"\n<p>\u00daltima actualizaci\u00f3n:  febrero 4, 2025<\/p>\n\n<p>Lee atentamente estas Condiciones de uso (&#8220;Condiciones&#8221;, &#8220;Condiciones de uso&#8221;) antes de utilizar el sitio web https:\/\/leadfaktory.com (el &#8220;Servicio&#8221;) operado por leadfaktory (&#8220;nosotros&#8221;, &#8220;nos&#8221; o &#8220;nuestro&#8221;).<\/p>\n\n<p>Tu acceso y uso del Servicio est\u00e1n condicionados a tu aceptaci\u00f3n y cumplimiento de estas Condiciones. Estas Condiciones se aplican a todos los visitantes, usuarios y dem\u00e1s personas que accedan o utilicen el Servicio. <\/p>\n\n<p>Al acceder o utilizar el Servicio, aceptas quedar vinculado por estas Condiciones. Si no est\u00e1s de acuerdo con alguna parte de las Condiciones, no puedes acceder al Servicio. <\/p>\n\n<h2 class=\"wp-block-heading\">Cuentas<\/h2>\n\n<p>Cuando creas una cuenta con nosotros, debes proporcionarnos informaci\u00f3n precisa, completa y actualizada en todo momento. No hacerlo constituye un incumplimiento de las Condiciones, que puede dar lugar a la cancelaci\u00f3n inmediata de tu cuenta en nuestro Servicio. <\/p>\n\n<p>Eres responsable de salvaguardar la contrase\u00f1a que utilizas para acceder al Servicio y de cualquier actividad o acci\u00f3n que se realice con tu contrase\u00f1a, ya sea con nuestro Servicio o con un servicio de terceros.<\/p>\n\n<p>Te comprometes a no revelar tu contrase\u00f1a a terceros. Debes notificarnos inmediatamente cualquier violaci\u00f3n de la seguridad o uso no autorizado de tu cuenta. <\/p>\n\n<h2 class=\"wp-block-heading\">Enlaces a otros sitios web<\/h2>\n\n<p>Nuestro Servicio puede contener enlaces a sitios web o servicios de terceros que no son propiedad ni est\u00e1n controlados por leadfaktory.<\/p>\n\n<p>leadfaktory  no tiene control alguno sobre el contenido, las pol\u00edticas de privacidad o las pr\u00e1cticas de los sitios web o servicios de terceros, ni asume responsabilidad alguna por los mismos. Adem\u00e1s, reconoces y aceptas que leadfaktory no ser\u00e1 responsable, directa o indirectamente, de ning\u00fan da\u00f1o o p\u00e9rdida causado o supuestamente causado por o en conexi\u00f3n con el uso o la confianza depositada en cualquier contenido, bien o servicio disponible en o a trav\u00e9s de dichos sitios web o servicios. <\/p>\n\n<p>Te recomendamos encarecidamente que leas los t\u00e9rminos y condiciones y las pol\u00edticas de privacidad de los sitios web o servicios de terceros que visites.<\/p>\n\n<h2 class=\"wp-block-heading\">Terminaci\u00f3n<\/h2>\n\n<p>Podemos cancelar o suspender tu cuenta inmediatamente, sin previo aviso ni responsabilidad, por cualquier motivo, incluyendo, sin limitaci\u00f3n, si incumples las Condiciones.<\/p>\n\n<p>Tras la rescisi\u00f3n, tu derecho a utilizar el Servicio cesar\u00e1 inmediatamente. Si deseas cancelar tu cuenta, puedes simplemente dejar de utilizar el Servicio. <\/p>\n\n<p>Todas las disposiciones de las Condiciones que por su naturaleza deban sobrevivir a la rescisi\u00f3n, sobrevivir\u00e1n a la rescisi\u00f3n, incluyendo, sin limitaci\u00f3n, las disposiciones de propiedad, renuncias de garant\u00eda, indemnizaci\u00f3n y limitaciones de responsabilidad.<\/p>\n\n<h2 class=\"wp-block-heading\">Ley aplicable<\/h2>\n\n<p>Estas Condiciones se regir\u00e1n e interpretar\u00e1n de acuerdo con las leyes de Canad\u00e1, sin tener en cuenta sus disposiciones sobre conflicto de leyes.<\/p>\n\n<p>El hecho de que no hagamos valer cualquier derecho o disposici\u00f3n de estas Condiciones no se considerar\u00e1 una renuncia a dichos derechos. Si alguna disposici\u00f3n de estas Condiciones es declarada inv\u00e1lida o inaplicable por un tribunal, las restantes disposiciones de estas Condiciones seguir\u00e1n en vigor. Estas Condiciones constituyen el acuerdo completo entre nosotros en relaci\u00f3n con nuestro Servicio, y sustituyen y reemplazan cualquier acuerdo anterior que pudi\u00e9ramos tener entre nosotros en relaci\u00f3n con el Servicio.  <\/p>\n\n<h2 class=\"wp-block-heading\">Cambios<\/h2>\n\n<p>Nos reservamos el derecho, a nuestra entera discreci\u00f3n, de modificar o sustituir estas Condiciones en cualquier momento. Si una revisi\u00f3n es material, intentaremos avisar con al menos 30 d\u00edas de antelaci\u00f3n antes de que los nuevos t\u00e9rminos entren en vigor. Lo que constituya un cambio material se determinar\u00e1 a nuestra entera discreci\u00f3n.  <\/p>\n\n<p>Al continuar accediendo o utilizando nuestro Servicio despu\u00e9s de que dichas revisiones entren en vigor, aceptas quedar vinculado por los t\u00e9rminos revisados. Si no aceptas las nuevas condiciones, deja de utilizar el Servicio. <\/p>\n\n<h2 class=\"wp-block-heading\">Contacta con nosotros<\/h2>\n\n<p>Si tienes alguna pregunta sobre estas Condiciones, ponte en contacto con nosotros.<\/p>\n","protected":false},"excerpt":{"rendered":"<p>\u00daltima actualizaci\u00f3n: Lee atentamente estas Condiciones de uso (&#8220;Condiciones&#8221;, &#8220;Condiciones de uso&#8221;) antes de utilizar el sitio web (el &#8220;Servicio&#8221;) operado por (&#8220;nosotros&#8221;, &#8220;nos&#8221; o &#8220;nuestro&#8221;). Tu acceso y uso del Servicio est\u00e1n condicionados a tu aceptaci\u00f3n y cumplimiento de estas Condiciones. Estas Condiciones se aplican a todos los visitantes, usuarios y dem\u00e1s personas que [&hellip;]<\/p>\n","protected":false},"author":1,"featured_media":0,"parent":0,"menu_order":0,"comment_status":"closed","ping_status":"closed","template":"","meta":{"om_disable_all_campaigns":false,"_themeisle_gutenberg_block_has_review":false,"footnotes":""},"class_list":["post-40450","page","type-page","status-publish","hentry"],"_links":{"self":[{"href":"https:\/\/leadfaktory.com\/es\/wp-json\/wp\/v2\/pages\/40450","targetHints":{"allow":["GET"]}}],"collection":[{"href":"https:\/\/leadfaktory.com\/es\/wp-json\/wp\/v2\/pages"}],"about":[{"href":"https:\/\/leadfaktory.com\/es\/wp-json\/wp\/v2\/types\/page"}],"author":[{"embeddable":true,"href":"https:\/\/leadfaktory.com\/es\/wp-json\/wp\/v2\/users\/1"}],"replies":[{"embeddable":true,"href":"https:\/\/leadfaktory.com\/es\/wp-json\/wp\/v2\/comments?post=40450"}],"version-history":[{"count":1,"href":"https:\/\/leadfaktory.com\/es\/wp-json\/wp\/v2\/pages\/40450\/revisions"}],"predecessor-version":[{"id":40451,"href":"https:\/\/leadfaktory.com\/es\/wp-json\/wp\/v2\/pages\/40450\/revisions\/40451"}],"wp:attachment":[{"href":"https:\/\/leadfaktory.com\/es\/wp-json\/wp\/v2\/media?parent=40450"}],"curies":[{"name":"wp","href":"https:\/\/api.w.org\/{rel}","templated":true}]}}