{"id":40415,"date":"2022-04-29T10:59:03","date_gmt":"2022-04-29T14:59:03","guid":{"rendered":"https:\/\/leadfaktory.com\/privacy-policy\/"},"modified":"2025-02-03T16:26:29","modified_gmt":"2025-02-03T20:26:29","slug":"privacy-policy","status":"publish","type":"page","link":"https:\/\/leadfaktory.com\/es\/privacy-policy\/","title":{"rendered":"Pol\u00edtica de privacidad"},"content":{"rendered":"\n<p>LeadFaktory (&#8220;<strong>nosotros<\/strong>&#8220;, &#8220;<strong>nos<\/strong>&#8221; o &#8220;<strong>LeadFaktory<\/strong>&#8220;) est\u00e1 comprometida con la privacidad y seguridad de tu informaci\u00f3n personal. Esta Pol\u00edtica de Privacidad (&#8220;<strong>Pol\u00edtica<\/strong>&#8220;) describe las pr\u00e1cticas de privacidad que seguimos en relaci\u00f3n con el sitio web de LeadFaktory (https:\/\/leadfaktory.com), las p\u00e1ginas de medios sociales y las aplicaciones m\u00f3viles que enlazan con \u00e9l (colectivamente nuestros &#8220;<strong>Sitios<\/strong>&#8220;), as\u00ed como los servicios al consumidor relacionados que se ofrecen a trav\u00e9s de los Sitios. Tambi\u00e9n describe las opciones que tienes con respecto a nuestra recopilaci\u00f3n, uso y divulgaci\u00f3n de tu informaci\u00f3n personal cuando accedes a los Sitios.  <\/p>\n\n\n\n<p>Al acceder o visitar nuestros Sitios, al comunicarte con nosotros (por cualquier medio) o al aceptar recibir correos electr\u00f3nicos nuestros, aceptas los t\u00e9rminos de esta Pol\u00edtica. Si tienes alguna pregunta, duda o comentario sobre nuestro tratamiento de tu informaci\u00f3n personal o sobre esta Pol\u00edtica, ponte en contacto con nuestro Responsable de Privacidad a trav\u00e9s de la siguiente direcci\u00f3n de correo electr\u00f3nico <a href=\"mailto:leadmaster@leadfaktory.com\">leadmaster@leadfaktory.com<\/a>. <\/p>\n\n\n\n<ol class=\"wp-block-list\" type=\"1\">\n<li><strong><a href=\"#qu\u00e9-datos-personales-recogemos-por-qu\u00e9-y-con-qu\u00e9-medios\">\u00bfQu\u00e9 datos personales recogemos, por qu\u00e9 y con qu\u00e9 medios?<\/a><\/strong><\/li>\n\n\n\n<li><strong><a href=\"#en-qu\u00e9-circunstancias-compartimos-tus-datos-personales\">\u00bfEn qu\u00e9 circunstancias compartimos tus datos personales?<\/a><\/strong><\/li>\n\n\n\n<li><strong><a href=\"#utilizamos-cookies-perfiles-o-tecnolog\u00edas-de-seguimiento-y-en-caso-afirmativo-c\u00f3mo-se-activan-y-desactivan\">\u00bfUtilizamos cookies, perfiles o tecnolog\u00edas de seguimiento y, en caso afirmativo, c\u00f3mo se activan y desactivan?<\/a><\/strong><\/li>\n\n\n\n<li><strong><a href=\"#c\u00f3mo-almacenamos-y-protegemos-tu-informaci\u00f3n-personal\">\u00bfC\u00f3mo almacenamos y protegemos tu informaci\u00f3n personal?<\/a><\/strong><\/li>\n\n\n\n<li><strong><a href=\"#privacidad-de-los-ni\u00f1os\">Privacidad de los ni\u00f1os<\/a><\/strong><\/li>\n\n\n\n<li><strong><a href=\"#tus-derechos\">Tus derechos<\/a><\/strong><\/li>\n\n\n\n<li><strong><a href=\"#c\u00f3mo-darse-de-baja\">C\u00f3mo darse de baja<\/a><\/strong><\/li>\n\n\n\n<li><strong><a href=\"#actualizaciones-de-esta-pol\u00edtica\">Actualizaciones de esta Pol\u00edtica<\/a><\/strong><\/li>\n\n\n\n<li><strong><a href=\"#c\u00f3mo-solicitar-la-supresi\u00f3n-de-tus-datos-personales\">C\u00f3mo solicitar la supresi\u00f3n de tus datos personales<\/a><\/strong><\/li>\n<\/ol>\n\n\n\n<p><br><\/p>\n\n\n\n<h3 class=\"wp-block-heading\" id=\"qu\u00e9-datos-personales-recogemos-por-qu\u00e9-y-con-qu\u00e9-medios\"><strong>1. \u00bfQU\u00c9 DATOS PERSONALES RECOGEMOS, POR QU\u00c9 Y MEDIANTE QU\u00c9?<\/strong><\/h3>\n\n\n\n<p>Recopilamos tus datos personales de varias formas y con distintos fines, en funci\u00f3n de sus distintas categor\u00edas. Consulta la tabla siguiente para obtener m\u00e1s detalles. <\/p>\n\n\n\n<figure class=\"wp-block-table\"><table><tbody><tr><td><strong>Categor\u00edas<\/strong><\/td><td><strong>Ejemplos<\/strong><\/td><td><strong>Medios y finalidad de la recogida<\/strong><\/td><\/tr><tr><td>Informaci\u00f3n de la cuenta de LeadFaktory<\/td><td>Nombre, direcci\u00f3n, n\u00famero de tel\u00e9fono, direcci\u00f3n de correo electr\u00f3nico, nombre de usuario y contrase\u00f1a  <\/td><td>Recopilamos esta informaci\u00f3n cuando creas tu cuenta de LeadFaktory. Recopilar esta informaci\u00f3n nos permite procesar tus solicitudes, como publicar o comprar clientes potenciales, proporcionar los servicios y la informaci\u00f3n que solicitas, as\u00ed como responder a los comentarios y preguntas que nos env\u00edas. <\/td><\/tr><tr><td>Informaci\u00f3n contenida en las pistas<\/td><td>Nombre, direcci\u00f3n, direcci\u00f3n de correo electr\u00f3nico, n\u00famero de tel\u00e9fono, servicio(s) solicitado(s). Dependiendo de la naturaleza del servicio que se solicite, tambi\u00e9n podemos recoger la siguiente informaci\u00f3n personal: edad, sexo, fumador\/no fumador, descripci\u00f3n resumida del historial de conducci\u00f3n, valor del pr\u00e9stamo deseado, valor de los bienes que se van a asegurar. <\/td><td>Recogemos esta informaci\u00f3n a trav\u00e9s de nuestros formularios web estandarizados. Recogemos esta informaci\u00f3n con el fin de facilitar las transacciones. <\/td><\/tr><tr><td>Informaci\u00f3n comercial<\/td><td>Preferencias de marketing<\/td><td>Recogidos con tu consentimiento con el fin de comercializar nuestros servicios.<\/td><\/tr><tr><td>Informaci\u00f3n t\u00e9cnica<\/td><td>Tipo de dispositivo, tipo de navegador, direcci\u00f3n IP, p\u00e1ginas visitadas en nuestros Sitios.<\/td><td>Recogidas a trav\u00e9s de cookies, incluidas las de terceros, en nuestros Sitios con el fin de mejorar la funcionalidad del sitio web y corregir errores. Para m\u00e1s informaci\u00f3n sobre el uso que hacemos de las cookies, consulta la secci\u00f3n 3 de esta Pol\u00edtica. <\/td><\/tr><tr><td>Informaci\u00f3n sobre uso y rendimiento<\/td><td>La fecha, hora y duraci\u00f3n de tus visitas a los Sitios, las p\u00e1ginas visitadas y los enlaces pulsados en los Sitios, tus preferencias de idioma, el historial de navegaci\u00f3n y las p\u00e1ginas web que te redirigieron a nuestros Sitios.<\/td><td>Recogemos estos datos utilizando cookies y p\u00edxeles en nuestros Sitios, incluidos los proporcionados por terceros de confianza que los recogen en nuestro nombre. Para obtener m\u00e1s informaci\u00f3n sobre estas tecnolog\u00edas, incluido c\u00f3mo activarlas y desactivarlas, consulta la secci\u00f3n 3 de nuestra Pol\u00edtica. La recopilaci\u00f3n de esta informaci\u00f3n nos permite compilar datos agregados sobre el tr\u00e1fico y las interacciones en nuestros Sitios con el fin de mejorar la experiencia y las herramientas de nuestros Sitios y proporcionar experiencias personalizadas del sitio web a nuestros usuarios.  <\/td><\/tr><\/tbody><\/table><\/figure>\n\n\n\n<p>Tomamos medidas para garantizar que s\u00f3lo tengan acceso a tus datos personales aquellos empleados que lo necesiten para desempe\u00f1ar sus funciones.<br><br><\/p>\n\n\n\n<h3 class=\"wp-block-heading\" id=\"en-qu\u00e9-circunstancias-compartimos-tus-datos-personales\"><strong>2. \u00bfEN QU\u00c9 CIRCUNSTANCIAS COMPARTIMOS TUS DATOS PERSONALES?<\/strong><\/h3>\n\n\n\n<p>Compartimos tu informaci\u00f3n personal con terceros cuando es necesario para cumplir los fines identificados anteriormente, y m\u00e1s concretamente, como se indica en la tabla siguiente:  <\/p>\n\n\n\n<figure class=\"wp-block-table\"><table><tbody><tr><td><strong>Categor\u00edas de terceros<\/strong><\/td><td><strong>Finalidad de la comunicaci\u00f3n<\/strong><\/td><\/tr><tr><td>Proveedores de servicios<\/td><td>Para permitirnos prestar los servicios solicitados, como procesamiento de pagos, marketing y alojamiento del sitio web.<\/td><\/tr><tr><td>Asesores profesionales<\/td><td>Podemos revelar tus datos personales a nuestros asesores jur\u00eddicos, financieros, contables o de otro tipo en la medida en que sea necesario para el funcionamiento de nuestra empresa y el cumplimiento de las leyes aplicables.<\/td><\/tr><tr><td>Fuerzas y cuerpos de seguridad y otros organismos gubernamentales<\/td><td>Para cumplir con obligaciones legales y responder a solicitudes leg\u00edtimas. Verificamos que la solicitud es leg\u00edtima antes de responder. <\/td><\/tr><tr><td>Sucesores en inter\u00e9s<\/td><td>En caso de venta, fusi\u00f3n u otra transacci\u00f3n empresarial, para permitir que el nuevo propietario u operador de LeadFaktory siga prestando servicios a nuestros usuarios.<\/td><\/tr><\/tbody><\/table><figcaption class=\"wp-element-caption\"><br><br><\/figcaption><\/figure>\n\n\n\n<h3 class=\"wp-block-heading\" id=\"utilizamos-cookies-perfiles-o-tecnolog\u00edas-de-seguimiento-y-en-caso-afirmativo-c\u00f3mo-se-activan-y-desactivan\"><strong>3. \u00bfUTILIZAMOS COOKIES, PERFILES O TECNOLOG\u00cdAS DE SEGUIMIENTO Y, EN CASO AFIRMATIVO, C\u00d3MO SE ACTIVAN Y DESACTIVAN?<\/strong><\/h3>\n\n\n\n<p>Las cookies son peque\u00f1os archivos de texto que se colocan en tu dispositivo cuando accedes a nuestro sitio web, y pueden utilizarse para recopilar informaci\u00f3n como el tipo de navegador, la direcci\u00f3n IP y las p\u00e1ginas visitadas en nuestro sitio. Utilizamos cookies en nuestros Sitios para mejorar la funcionalidad, comprender los patrones de uso y proporcionar experiencias personalizadas a nuestros usuarios. Las cookies tambi\u00e9n nos ayudan a detectar fallos y errores en nuestros Sitios.  <\/p>\n\n\n\n<p>Puedes gestionar tus preferencias de cookies ajustando la configuraci\u00f3n de tu navegador web. Ten en cuenta que deshabilitar las cookies (como las cookies esenciales o funcionales) puede limitar tu capacidad para utilizar determinadas funciones de nuestro sitio web. A pesar de ello, puedes optar por desactivar las cookies en cualquier momento en tu navegador.  <\/p>\n\n\n\n<p>Las preferencias de cookies deben establecerse para cada navegador de Internet. Por lo general, tienes varias formas de gestionar las cookies, entre ellas: permitir o rechazar las cookies por completo, eliminar cookies espec\u00edficas que ya hayan sido almacenadas por el navegador, impedir que determinados sitios web env\u00eden cookies a tu ordenador o bloquear las cookies de terceros (cuando navegas por un sitio web, se env\u00edan cookies a tu ordenador desde otro sitio web). Si tienes alguna pregunta sobre nuestro uso de las cookies, ponte en contacto con nosotros utilizando la informaci\u00f3n de contacto proporcionada anteriormente.  <br><br><\/p>\n\n\n\n<h3 class=\"wp-block-heading\" id=\"c\u00f3mo-almacenamos-y-protegemos-tu-informaci\u00f3n-personal\"><strong>4. \u00bfC\u00d3MO ALMACENAMOS Y PROTEGEMOS TU INFORMACI\u00d3N PERSONAL?<\/strong><\/h3>\n\n\n\n<p>Tu informaci\u00f3n personal se aloja en los servidores de nuestro proveedor de servicios de confianza situado en Quebec. Aplicamos medidas de seguridad f\u00edsicas, administrativas y t\u00e9cnicas dise\u00f1adas para preservar la confidencialidad, integridad y seguridad de la informaci\u00f3n personal bajo nuestro control. Sin embargo, la informaci\u00f3n transmitida por Internet y\/o almacenada en sistemas conectados a Internet no es 100% segura, y ninguna seguridad puede proporcionar una protecci\u00f3n absoluta. En consecuencia, no aseguramos, garantizamos ni garantizamos la seguridad o integridad de dicha informaci\u00f3n.   <\/p>\n\n\n\n<p>Conservamos tu informaci\u00f3n personal s\u00f3lo durante el tiempo necesario para cumplir los fines pertinentes especificados en esta Pol\u00edtica y para cumplir nuestras obligaciones legales. En lo que respecta espec\u00edficamente a la informaci\u00f3n personal contenida en los clientes potenciales, esta informaci\u00f3n se destruye 48 horas despu\u00e9s de la compra del cliente potencial. Si un cliente potencial no se vende, la informaci\u00f3n personal que contiene se destruir\u00e1 48 horas despu\u00e9s de que finalice el periodo de subasta. Si deseas m\u00e1s informaci\u00f3n sobre el tiempo que conservamos tu informaci\u00f3n personal, ponte en contacto con nuestro Responsable de Privacidad utilizando los datos de contacto indicados anteriormente.   <\/p>\n\n\n\n<p>Esta Pol\u00edtica no se aplica a los sitios web de terceros. No somos responsables de sus pol\u00edticas, procedimientos o pr\u00e1cticas de privacidad. <br><br><\/p>\n\n\n\n<h3 class=\"wp-block-heading\" id=\"privacidad-de-los-ni\u00f1os\"><strong>5. PRIVACIDAD DE LOS NI\u00d1OS<\/strong><\/h3>\n\n\n\n<p>No recopilamos conscientemente informaci\u00f3n personal de ni\u00f1os menores de 14 a\u00f1os en nuestros Sitios. Si eres el padre, la madre o el tutor legal de un ni\u00f1o menor de 14 a\u00f1os que nos ha proporcionado informaci\u00f3n personal, puedes ponerte en contacto con nosotros utilizando la informaci\u00f3n de contacto indicada anteriormente para pedirnos que dejemos de utilizar o eliminemos dicha informaci\u00f3n. <br><br><\/p>\n\n\n\n<h3 class=\"wp-block-heading\" id=\"tus-derechos\"><strong>6. TUS DERECHOS<\/strong><\/h3>\n\n\n\n<p>Previa solicitud por escrito y confirmaci\u00f3n de tu identidad, se te dar\u00e1 acceso a la informaci\u00f3n personal que obra en nuestro poder y podr\u00e1s solicitar correcciones, si fuera necesario, de conformidad con la legislaci\u00f3n aplicable. Para garantizar que la informaci\u00f3n personal que tenemos sobre ti es exacta y est\u00e1 actualizada, inf\u00f3rmanos inmediatamente de cualquier cambio en tus datos personales. Si utilizamos y\/o revelamos tu informaci\u00f3n personal bas\u00e1ndonos en tu consentimiento, siempre puedes retirar dicho consentimiento. Sin embargo, ten en cuenta que retirar tu consentimiento puede impedir que recibas algunos o todos nuestros servicios.   <\/p>\n\n\n\n<p>Si tienes alguna pregunta o comentario sobre esta Pol\u00edtica o nuestras pr\u00e1cticas de privacidad, incluida la forma en que utilizamos tu informaci\u00f3n personal, o para saber c\u00f3mo ejercer tus derechos con respecto al tratamiento de tu informaci\u00f3n personal, incluida la presentaci\u00f3n de una queja, puedes ponerte en contacto con nuestro Responsable de Privacidad utilizando la informaci\u00f3n de contacto proporcionada anteriormente.<br><br><\/p>\n\n\n\n<h3 class=\"wp-block-heading\" id=\"c\u00f3mo-darse-de-baja\"><strong>7. C\u00d3MO DARSE DE BAJA<\/strong><\/h3>\n\n\n\n<p>Si en alg\u00fan momento deseas dejar de recibir nuestros mensajes de marketing, incluimos un mecanismo para darte de baja en todas nuestras comunicaciones electr\u00f3nicas y siempre puedes cambiar tus preferencias de correo electr\u00f3nico a trav\u00e9s de tu cuenta de LeadFaktory.  <br><br><\/p>\n\n\n\n<h3 class=\"wp-block-heading\" id=\"actualizaciones-de-esta-pol\u00edtica\"><strong>8. ACTUALIZACIONES DE ESTA POL\u00cdTICA<\/strong><\/h3>\n\n\n\n<p>Ten en cuenta que, si decides no recibir comunicaciones de marketing, seguir\u00e1s recibiendo comunicaciones transaccionales o de cuenta relacionadas con los servicios o productos que hayas solicitado en los Sitios (por ejemplo, correos electr\u00f3nicos de con\ufb01rmaci\u00f3n, recordatorios de facturaci\u00f3n, etc.).<\/p>\n\n\n\n<p>Consulta nuestros Sitios regularmente para mantenerte informado de los cambios en esta Pol\u00edtica, ya que podemos actualizarla de vez en cuando. Si actualizamos esta Pol\u00edtica, publicaremos un aviso en los Sitios indicando los cambios y su fecha de entrada en vigor. Tu uso continuado de los Sitios tras una actualizaci\u00f3n de esta Pol\u00edtica indica que has le\u00eddo, entiendes y aceptas la versi\u00f3n actual de la Pol\u00edtica.  <br><br><\/p>\n\n\n\n<h3 class=\"wp-block-heading\" id=\"c\u00f3mo-solicitar-la-supresi\u00f3n-de-tus-datos-personales\"><strong>9. C\u00d3MO SOLICITAR LA SUPRESI\u00d3N DE TUS DATOS PERSONALES<\/strong><\/h3>\n\n\n\n<p>Si deseas solicitar la eliminaci\u00f3n de tus datos personales recogidos a trav\u00e9s de nuestros Sitios, puedes hacerlo siguiendo estos pasos:<\/p>\n\n\n\n<ol class=\"wp-block-list\">\n<li><strong>Ponte en contacto con nosotros<\/strong> &#8211; Env\u00eda un correo electr\u00f3nico a nuestro Responsable de Privacidad <a href=\"mailto:leadmaster@leadfaktory.com\">leadmaster@leadfaktory.com<\/a> con el asunto <strong>&#8220;Solicitud de eliminaci\u00f3n de datos&#8221;<\/strong>.<\/li>\n\n\n\n<li><strong>Proporcionar informaci\u00f3n de verificaci\u00f3n<\/strong> &#8211; Para garantizar la seguridad de tus datos, podemos pedirte que verifiques tu identidad antes de procesar tu solicitud. Esto puede incluir la confirmaci\u00f3n de detalles asociados con tu cuenta o interacciones pasadas con nuestros servicios. <\/li>\n\n\n\n<li><strong>Tiempo de procesamiento<\/strong> &#8211; Una vez verificada tu solicitud, eliminaremos tus datos personales de nuestros sistemas en un plazo de <strong>30 d\u00edas<\/strong>, a menos que estemos obligados a conservarlos por motivos legales o reglamentarios.<\/li>\n\n\n\n<li><strong>Confirmaci\u00f3n de la eliminaci\u00f3n<\/strong> &#8211; Despu\u00e9s de procesar tu solicitud, te enviaremos un correo electr\u00f3nico de confirmaci\u00f3n indicando que tus datos personales han sido eliminados.<\/li>\n<\/ol>\n\n\n\n<p><strong>Notas importantes:<\/strong><\/p>\n\n\n\n<ul class=\"wp-block-list\">\n<li>Borrar tus datos puede suponer la p\u00e9rdida de acceso a determinados servicios, incluida cualquier informaci\u00f3n comprada o almacenada.<\/li>\n\n\n\n<li>Algunos datos pueden conservarse por imperativo legal (por ejemplo, con fines fiscales, legales o de prevenci\u00f3n del fraude).<\/li>\n\n\n\n<li>Si tus datos son almacenados por terceros proveedores de servicios, les transmitiremos tu solicitud cuando proceda.<\/li>\n<\/ul>\n\n\n\n<p>Si tienes alguna pregunta o necesitas m\u00e1s ayuda sobre tu solicitud de eliminaci\u00f3n de datos, ponte en contacto con nosotros en <strong><a href=\"mailto:leadmaster@leadfaktory.com\">leadmaster@leadfaktory.com<\/a><\/strong>.<\/p>\n\n\n\n<p>\u00daltima actualizaci\u00f3n: 3 de febrero de 2025<\/p>\n","protected":false},"excerpt":{"rendered":"<p>LeadFaktory (&#8220;nosotros&#8220;, &#8220;nos&#8221; o &#8220;LeadFaktory&#8220;) est\u00e1 comprometida con la privacidad y seguridad de tu informaci\u00f3n personal. Esta Pol\u00edtica de Privacidad (&#8220;Pol\u00edtica&#8220;) describe las pr\u00e1cticas de privacidad que seguimos en relaci\u00f3n con el sitio web de LeadFaktory (https:\/\/leadfaktory.com), las p\u00e1ginas de medios sociales y las aplicaciones m\u00f3viles que enlazan con \u00e9l (colectivamente nuestros &#8220;Sitios&#8220;), as\u00ed como [&hellip;]<\/p>\n","protected":false},"author":1,"featured_media":0,"parent":0,"menu_order":0,"comment_status":"closed","ping_status":"open","template":"","meta":{"om_disable_all_campaigns":false,"_themeisle_gutenberg_block_has_review":false,"footnotes":""},"class_list":["post-40415","page","type-page","status-publish","hentry"],"_links":{"self":[{"href":"https:\/\/leadfaktory.com\/es\/wp-json\/wp\/v2\/pages\/40415","targetHints":{"allow":["GET"]}}],"collection":[{"href":"https:\/\/leadfaktory.com\/es\/wp-json\/wp\/v2\/pages"}],"about":[{"href":"https:\/\/leadfaktory.com\/es\/wp-json\/wp\/v2\/types\/page"}],"author":[{"embeddable":true,"href":"https:\/\/leadfaktory.com\/es\/wp-json\/wp\/v2\/users\/1"}],"replies":[{"embeddable":true,"href":"https:\/\/leadfaktory.com\/es\/wp-json\/wp\/v2\/comments?post=40415"}],"version-history":[{"count":6,"href":"https:\/\/leadfaktory.com\/es\/wp-json\/wp\/v2\/pages\/40415\/revisions"}],"predecessor-version":[{"id":40445,"href":"https:\/\/leadfaktory.com\/es\/wp-json\/wp\/v2\/pages\/40415\/revisions\/40445"}],"wp:attachment":[{"href":"https:\/\/leadfaktory.com\/es\/wp-json\/wp\/v2\/media?parent=40415"}],"curies":[{"name":"wp","href":"https:\/\/api.w.org\/{rel}","templated":true}]}}